{"id":4333,"date":"2023-06-30T03:49:02","date_gmt":"2023-06-30T03:49:02","guid":{"rendered":"https:\/\/fondationbe.com\/?page_id=4333"},"modified":"2025-12-24T00:32:49","modified_gmt":"2025-12-24T00:32:49","slug":"our-team","status":"publish","type":"page","link":"https:\/\/fondationbe.com\/fr\/our-team\/","title":{"rendered":"Notre \u00e9quipe"},"content":{"rendered":"<div data-elementor-type=\"wp-page\" data-elementor-id=\"4333\" class=\"elementor elementor-4333\" data-elementor-post-type=\"page\">\n\t\t\t\t<div class=\"elementor-element elementor-element-d4b46db e-flex e-con-boxed e-con e-parent\" data-id=\"d4b46db\" data-element_type=\"container\">\n\t\t\t\t\t<div class=\"e-con-inner\">\n\t\t<div class=\"elementor-element elementor-element-4c1075d e-con-full e-flex e-con e-child\" data-id=\"4c1075d\" data-element_type=\"container\" data-settings=\"{&quot;background_background&quot;:&quot;classic&quot;}\">\n\t\t\t\t<div class=\"elementor-element elementor-element-3497d17 elementor-widget elementor-widget-image\" data-id=\"3497d17\" data-element_type=\"widget\" data-widget_type=\"image.default\">\n\t\t\t\t<div class=\"elementor-widget-container\">\n\t\t\t<style>\/*! elementor - v3.22.0 - 24-06-2024 *\/\n.elementor-widget-image{text-align:center}.elementor-widget-image a{display:inline-block}.elementor-widget-image a img[src$=\".svg\"]{width:48px}.elementor-widget-image img{vertical-align:middle;display:inline-block}<\/style>\t\t\t\t\t\t\t\t\t\t<img fetchpriority=\"high\" decoding=\"async\" width=\"800\" height=\"835\" src=\"https:\/\/fondationbe.com\/wp-content\/uploads\/2024\/03\/WhatsApp-Image-2024-03-01-at-03.31.00-981x1024.png\" class=\"attachment-large size-large wp-image-17538\" alt=\"\" srcset=\"https:\/\/fondationbe.com\/wp-content\/uploads\/2024\/03\/WhatsApp-Image-2024-03-01-at-03.31.00-981x1024.png 981w, https:\/\/fondationbe.com\/wp-content\/uploads\/2024\/03\/WhatsApp-Image-2024-03-01-at-03.31.00-287x300.png 287w, https:\/\/fondationbe.com\/wp-content\/uploads\/2024\/03\/WhatsApp-Image-2024-03-01-at-03.31.00-768x802.png 768w, https:\/\/fondationbe.com\/wp-content\/uploads\/2024\/03\/WhatsApp-Image-2024-03-01-at-03.31.00-1471x1536.png 1471w, https:\/\/fondationbe.com\/wp-content\/uploads\/2024\/03\/WhatsApp-Image-2024-03-01-at-03.31.00-11x12.png 11w, https:\/\/fondationbe.com\/wp-content\/uploads\/2024\/03\/WhatsApp-Image-2024-03-01-at-03.31.00-600x627.png 600w, https:\/\/fondationbe.com\/wp-content\/uploads\/2024\/03\/WhatsApp-Image-2024-03-01-at-03.31.00.png 1536w\" sizes=\"(max-width: 800px) 100vw, 800px\" \/>\t\t\t\t\t\t\t\t\t\t\t\t\t<\/div>\n\t\t\t\t<\/div>\n\t\t\t\t<\/div>\n\t\t<div class=\"elementor-element elementor-element-070ffb3 e-con-full e-flex e-con e-child\" data-id=\"070ffb3\" data-element_type=\"container\">\n\t\t\t\t<div class=\"elementor-element elementor-element-073f957 elementor-widget elementor-widget-gimont_elementor_heading\" data-id=\"073f957\" data-element_type=\"widget\" data-widget_type=\"gimont_elementor_heading.default\">\n\t\t\t\t<div class=\"elementor-widget-container\">\n\t\t\t\n\t\t\t<div class=\"ova-heading template_1\">\n\t\t\t\t\t\t\t\t\t\t\t\t\t\t\t<span class=\"line\"><\/span>\n\t\t\t\t\t\t\t\t\t\t<span class=\"subtitle\">Fondatrice<\/span>\n\t\t\t\t\t\t\t\t\t\t\t\t\t\n\t\t\t\t\t\t\t\t\n\t\t\t\t\t\t\t\t\t<p class=\"desc\">Mariama Aboul incarne l'exemple m\u00eame de la r\u00e9silience et de l'empathie. Fondatrice de la Fondation Bien-\u00catre Pour Tous, elle a consacr\u00e9 sa vie \u00e0 transformer les obstacles des nouveaux immigrants en opportunit\u00e9s, offrant un v\u00e9ritable havre de paix et de soutien. Son histoire personnelle, marqu\u00e9e par les d\u00e9fis de l'immigration, a fa\u00e7onn\u00e9 sa vision et son engagement envers la communaut\u00e9 immigrante. Mariama a su canaliser sa propre exp\u00e9rience pour cr\u00e9er une organisation qui va bien au-del\u00e0 de simples services d'accueil. Sa fondation est un pilier d'int\u00e9gration, offrant aux nouveaux arrivants non seulement un toit chaleureux, mais aussi un tremplin vers une nouvelle vie \u00e9panouie.\nGr\u00e2ce \u00e0 son charisme et \u00e0 sa d\u00e9termination in\u00e9branlable, Mariama a su rassembler un r\u00e9seau d'alli\u00e9s d\u00e9vou\u00e9s, des partenaires locaux pour offrir aux nouveaux immigrants un v\u00e9ritable parcours d'int\u00e9gration sur mesure. Son h\u00e9ritage se traduit dans le regard reconnaissant de ceux qu'elle a aid\u00e9s \u00e0 trouver leur place dans une terre nouvelle, pr\u00eats \u00e0 \u00e9crire leur propre succ\u00e8s story gr\u00e2ce \u00e0 la main tendue de Mariama. Son leadership empreint de compassion a transform\u00e9 des vies et contribu\u00e9 positivement \u00e0 la richesse culturelle et sociale du Canada. Son travail acharn\u00e9 et sa vision ont cr\u00e9\u00e9 un impact significatif dans la vie de nombreuses personnes dans le besoin. Aujourd'hui, Mariama est reconnue comme une figure embl\u00e9matique de la charit\u00e9 dans sa communaut\u00e9.\n\n\"L'amour est tout ce dont on a besoin. \u00bb\n<\/p>\n\t\t\t\t\n\t\t\t<\/div>\n\n\t\t\t\t<\/div>\n\t\t\t\t<\/div>\n\t\t\t\t<\/div>\n\t\t\t\t\t<\/div>\n\t\t\t\t<\/div>\n\t\t<div class=\"elementor-element elementor-element-e912872 e-flex e-con-boxed e-con e-parent\" data-id=\"e912872\" data-element_type=\"container\">\n\t\t\t\t\t<div class=\"e-con-inner\">\n\t\t<div class=\"elementor-element elementor-element-948bfa5 e-con-full e-flex e-con e-child\" data-id=\"948bfa5\" data-element_type=\"container\" data-settings=\"{&quot;background_background&quot;:&quot;classic&quot;}\">\n\t\t\t\t<\/div>\n\t\t<div class=\"elementor-element elementor-element-8427ddd e-con-full e-flex e-con e-child\" data-id=\"8427ddd\" data-element_type=\"container\">\n\t\t\t\t<div class=\"elementor-element elementor-element-e8056f2 elementor-widget elementor-widget-gimont_elementor_heading\" data-id=\"e8056f2\" data-element_type=\"widget\" data-widget_type=\"gimont_elementor_heading.default\">\n\t\t\t\t<div class=\"elementor-widget-container\">\n\t\t\t\n\t\t\t<div class=\"ova-heading template_1\">\n\t\t\t\t\t\t\t\t\t\t\t\t\t\t\t<span class=\"line\"><\/span>\n\t\t\t\t\t\t\t\t\t\t<span class=\"subtitle\">Linda Ngwakang - Coordonnatrice de projets<\/span>\n\t\t\t\t\t\t\t\t\t\t\t\t\t\n\t\t\t\t\t\t\t\t\n\t\t\t\t\t\t\t\t\t<p class=\"desc\">Responsable de projets profond\u00e9ment engag\u00e9e et orient\u00e9e vers l\u2019impact communautaire, Linda joue un r\u00f4le essentiel au sein de la Fondation Bien-\u00catre Pour Tous en coordonnant et en g\u00e9rant des initiatives sociales d\u2019envergure. Fiable, int\u00e8gre et dot\u00e9e d\u2019un sens aigu de l\u2019organisation, elle excelle dans la planification, la mise en \u0153uvre et le suivi rigoureux des activit\u00e9s. Son professionnalisme et sa bienveillance se refl\u00e8tent dans chacune de ses interventions, o\u00f9 elle met ses comp\u00e9tences au service du bien-\u00eatre des familles et des nouveaux arrivants.\n\nLinda dirige \u00e9galement deux projets phares de la Fondation, en partenariat avec The Caring and Sharing Exchange, qui soutiennent directement les familles \u00e0 faible revenu :\n\n\u2022\tLa distribution de fournitures scolaires, favorisant la r\u00e9ussite \u00e9ducative et l\u2019\u00e9galit\u00e9 des chances pour les enfants ;\n\u2022\tLes paniers de No\u00ebl et la remise de cadeaux, offrant soutien, r\u00e9confort et moments de joie aux familles et aux enfants vivant en situation de pr\u00e9carit\u00e9.\n\nReconnu pour son dynamisme, son autonomie et sa capacit\u00e9 \u00e0 travailler efficacement sans supervision, Linda incarne pleinement les valeurs de la Fondation. Sa d\u00e9termination, sa sensibilit\u00e9 humaine et son engagement constant font d\u2019elle une actrice incontournable dans la r\u00e9alisation de notre mission communautaire.\n<\/p>\n\t\t\t\t\n\t\t\t<\/div>\n\n\t\t\t\t<\/div>\n\t\t\t\t<\/div>\n\t\t\t\t<\/div>\n\t\t\t\t\t<\/div>\n\t\t\t\t<\/div>\n\t\t\t\t<\/div>","protected":false},"excerpt":{"rendered":"<p>Founder Mariama Aboul is the embodiment of resilience and empathy. Founder of WellBeing For All Foundation, she has dedicated her life to transforming the obstacles of new immigrants into opportunities, offering a true haven of peace and support. Her personal story, marked by the challenges of immigration, has shaped her vision and commitment to the [&hellip;]<\/p>","protected":false},"author":1,"featured_media":0,"parent":0,"menu_order":56,"comment_status":"closed","ping_status":"closed","template":"elementor_header_footer","meta":{"inline_featured_image":false,"footnotes":""},"class_list":["post-4333","page","type-page","status-publish","hentry"],"_links":{"self":[{"href":"https:\/\/fondationbe.com\/fr\/wp-json\/wp\/v2\/pages\/4333","targetHints":{"allow":["GET"]}}],"collection":[{"href":"https:\/\/fondationbe.com\/fr\/wp-json\/wp\/v2\/pages"}],"about":[{"href":"https:\/\/fondationbe.com\/fr\/wp-json\/wp\/v2\/types\/page"}],"author":[{"embeddable":true,"href":"https:\/\/fondationbe.com\/fr\/wp-json\/wp\/v2\/users\/1"}],"replies":[{"embeddable":true,"href":"https:\/\/fondationbe.com\/fr\/wp-json\/wp\/v2\/comments?post=4333"}],"version-history":[{"count":27,"href":"https:\/\/fondationbe.com\/fr\/wp-json\/wp\/v2\/pages\/4333\/revisions"}],"predecessor-version":[{"id":18054,"href":"https:\/\/fondationbe.com\/fr\/wp-json\/wp\/v2\/pages\/4333\/revisions\/18054"}],"wp:attachment":[{"href":"https:\/\/fondationbe.com\/fr\/wp-json\/wp\/v2\/media?parent=4333"}],"curies":[{"name":"wp","href":"https:\/\/api.w.org\/{rel}","templated":true}]}}