{"id":405,"date":"2023-06-14T02:31:28","date_gmt":"2023-06-14T02:31:28","guid":{"rendered":"https:\/\/fondationbe.com\/?page_id=405"},"modified":"2025-12-20T00:02:12","modified_gmt":"2025-12-20T00:02:12","slug":"about","status":"publish","type":"page","link":"https:\/\/fondationbe.com\/fr\/about\/","title":{"rendered":"A Propos"},"content":{"rendered":"<div data-elementor-type=\"wp-page\" data-elementor-id=\"405\" class=\"elementor elementor-405\" data-elementor-post-type=\"page\">\n\t\t\t\t<div class=\"elementor-element elementor-element-d624221 e-flex e-con-boxed e-con e-parent\" data-id=\"d624221\" data-element_type=\"container\">\n\t\t\t\t\t<div class=\"e-con-inner\">\n\t\t\t\t<div class=\"elementor-element elementor-element-b490cb9 elementor-widget elementor-widget-gimont_elementor_heading\" data-id=\"b490cb9\" data-element_type=\"widget\" data-widget_type=\"gimont_elementor_heading.default\">\n\t\t\t\t<div class=\"elementor-widget-container\">\n\t\t\t\n\t\t\t<div class=\"ova-heading template_1\">\n\t\t\t\t\t\t\t\t\n\t\t\t\t\t\t\t\t\t\t\t\t\t\t\t<h2 class=\"title\">A propos de la Fondation Bien-\u00catre Pour Tous<\/h2>\n\t\t\t\t\t\t\t\t\t\t\n\t\t\t\t\t\t\t\t\n\t\t\t\t\t\t\t\t\t<p class=\"desc\">Fondation Bien-\u00catre Pour Tous, organisme de bienfaisance \u00e9tabli \u00e0 Ottawa, \u0153uvre pour l\u2019accueil chaleureux, l\u2019\u00e9tablissement durable et l\u2019int\u00e9gration harmonieuse des nouveaux arrivants au Canada. Nous offrons un accompagnement complet incluant : l\u2019orientation vers les services d\u2019\u00e9tablissement, le soutien aux d\u00e9marches administratives, l\u2019aide \u00e0 la d\u00e9claration d\u2019imp\u00f4ts, le jumelage et le mentorat, la recherche de logement, l\u2019acc\u00e8s \u00e0 des fournitures d\u2019ameublement ainsi que l\u2019accompagnement individuel pour faciliter leur int\u00e9gration au Canada.\n\nLa Fondation, en collaboration avec son partenaire The Caring and Sharing Exchange, offre deux programmes destin\u00e9s aux familles \u00e0 faible revenu :\n-\tLa distribution de fournitures scolaires pour soutenir la r\u00e9ussite \u00e9ducative des enfants ;\n-\tLes paniers de No\u00ebl et la remise de cadeaux pour apporter un soutien et un moment de joie aux familles et aux enfants vivant en situation de pr\u00e9carit\u00e9.\n\nSp\u00e9cialis\u00e9e dans les services Pr\u00e9-Arriv\u00e9e, la Fondation accompagne plus de 6 000 candidats originaires de l\u2019Afrique francophone subsaharienne souhaitant immigrer au Canada comme \u00e9tudiants, travailleurs temporaires ou r\u00e9sidents permanents.\n\nNotre mission place au c\u0153ur de nos actions l\u2019inclusion culturelle, sociale et professionnelle des nouveaux arrivants, avec une attention particuli\u00e8re envers les femmes immigrantes francophones en situation de vuln\u00e9rabilit\u00e9, afin de les soutenir dans leur d\u00e9marche d\u2019autonomisation et de r\u00e9ussite.\n<\/p>\n\t\t\t\t\n\t\t\t<\/div>\n\n\t\t\t\t<\/div>\n\t\t\t\t<\/div>\n\t\t\t\t<div class=\"elementor-element elementor-element-887c350 elementor-widget elementor-widget-gimont_elementor_heading\" data-id=\"887c350\" data-element_type=\"widget\" data-widget_type=\"gimont_elementor_heading.default\">\n\t\t\t\t<div class=\"elementor-widget-container\">\n\t\t\t\n\t\t\t<div class=\"ova-heading template_1\">\n\t\t\t\t\t\t\t\t\n\t\t\t\t\t\t\t\t\t\t\t\t\t\t\t<h2 class=\"title\">Notre Histoire<\/h2>\n\t\t\t\t\t\t\t\t\t\t\n\t\t\t\t\t\t\t\t\n\t\t\t\t\t\t\t\t\t<p class=\"desc\">La cr\u00e9ation de la Fondation Bien-\u00catre Pour Tous est n\u00e9e d\u2019une profonde volont\u00e9 de r\u00e9pondre aux besoins essentiels des nouveaux arrivants au Canada. Conscientes des d\u00e9fis consid\u00e9rables auxquels font face les personnes qui entreprennent une nouvelle vie dans un pays \u00e9tranger, les fondatrices ont ressenti l\u2019urgence d\u2019offrir un soutien holistique, bienveillant et accessible.\n\nAinsi, la Fondation a \u00e9t\u00e9 mise sur pied avec un objectif clair : accompagner les nouveaux arrivants \u00e0 chaque \u00e9tape \u2014 de l\u2019accueil chaleureux \u00e0 l\u2019\u00e9tablissement durable, jusqu\u2019\u00e0 une int\u00e9gration harmonieuse \u2014 afin de faciliter leur adaptation et leur \u00e9panouissement au sein de la soci\u00e9t\u00e9 canadienne. Son ambition premi\u00e8re est de permettre \u00e0 chaque individu nouvellement arriv\u00e9 de s\u2019installer en confiance, de s\u2019\u00e9panouir et de construire une vie nouvelle, stable et enrichissante.\n\nSp\u00e9cialis\u00e9e dans l\u2019immigration Pr\u00e9-Arriv\u00e9e, la Fondation \u0153uvre aupr\u00e8s de candidats originaires de l\u2019Afrique francophone souhaitant immigrer au Canada comme \u00e9tudiants, travailleurs temporaires ou futurs r\u00e9sidents permanents. Elle les accompagne dans la recherche d\u2019opportunit\u00e9s d\u2019emploi, la r\u00e9daction de r\u00e9sum\u00e9s et de lettres de motivation conformes aux standards canadiens, ainsi que dans la pr\u00e9paration aux entrevues d\u2019embauche.\n\n\u00c0 ce jour, la Fondation a permis \u00e0 trois candidats d\u2019obtenir des bourses d\u2019excellence des centres de formation Qu\u00e9bec M\u00e9tiers d\u2019Avenir, leur offrant la possibilit\u00e9 d\u2019\u00e9tudier gratuitement au Qu\u00e9bec pour la rentr\u00e9e 2024-2025. De plus, au moins 20 candidats ont obtenu un contrat et permis de travail et sont au Canada avec leurs familles.\n\nLe plus grand succ\u00e8s de la Fondation r\u00e9side toutefois dans l\u2019accompagnement des candidats ayant choisi la voie de la r\u00e9sidence permanente. Depuis 2023, la Fondation a accueilli plus de 1500 familles au Canada. Et cela, malgr\u00e9 un manque important de ressources financi\u00e8res, mat\u00e9rielles et humaines. Sa croissance rapide t\u00e9moigne de la pertinence de sa mission et de la qualit\u00e9 de ses programmes, de plus en plus structur\u00e9s et adapt\u00e9s aux besoins grandissants des nouveaux arrivants. La Fondation a \u00e9galement \u00e9tabli des partenariats solides avec des organismes gouvernementaux et communautaires afin de renforcer son impact et d\u2019\u00e9largir son offre de services.\n\nAujourd\u2019hui, la Fondation Bien-\u00catre Pour Tous est devenue un acteur incontournable, tant dans le domaine de l\u2019immigration Pr\u00e9-Arriv\u00e9e que dans celui de l\u2019accueil, de l\u2019\u00e9tablissement et de l\u2019int\u00e9gration des nouveaux arrivants au Canada. Elle propose une vaste gamme de services : aide \u00e0 la recherche de logement et \u00e0 l\u2019ameublement, festivals culturels, programmes d\u2019employabilit\u00e9, activit\u00e9s sociales et occasions de r\u00e9seautage.\n\nCe succ\u00e8s remarquable repose avant tout sur la contribution exceptionnelle de son \u00e9quipe de b\u00e9n\u00e9voles d\u00e9vou\u00e9s, dont l\u2019engagement permet de concr\u00e9tiser la mission de la Fondation. Nous leur exprimons notre profonde reconnaissance et leur adressons un immense merci pour leur d\u00e9vouement et leur g\u00e9n\u00e9rosit\u00e9.\n<\/p>\n\t\t\t\t\n\t\t\t<\/div>\n\n\t\t\t\t<\/div>\n\t\t\t\t<\/div>\n\t\t\t\t<div class=\"elementor-element elementor-element-d65be33 elementor-widget elementor-widget-gimont_elementor_heading\" data-id=\"d65be33\" data-element_type=\"widget\" data-widget_type=\"gimont_elementor_heading.default\">\n\t\t\t\t<div class=\"elementor-widget-container\">\n\t\t\t\n\t\t\t<div class=\"ova-heading template_1\">\n\t\t\t\t\t\t\t\t\n\t\t\t\t\t\t\t\t\t\t\t\t\t\t\t<h2 class=\"title\">Mission &amp; Objectifs<\/h2>\n\t\t\t\t\t\t\t\t\t\t\n\t\t\t\t\t\t\t\t\n\t\t\t\t\t\t\t\t\t<p class=\"desc\">Notre mission est de promouvoir l\u2019int\u00e9gration culturelle, sociale et professionnelle des nouveaux immigrants, en accordant une attention particuli\u00e8re aux femmes issues de l\u2019immigration francophone vivant en situation de pr\u00e9carit\u00e9. Nous visons \u00e0 les soutenir dans un processus r\u00e9el d\u2019autonomisation et de participation active \u00e0 la soci\u00e9t\u00e9 canadienne.<\/p>\n\t\t\t\t\n\t\t\t<\/div>\n\n\t\t\t\t<\/div>\n\t\t\t\t<\/div>\n\t\t\t\t<div class=\"elementor-element elementor-element-acddebd elementor-widget elementor-widget-gimont_elementor_heading\" data-id=\"acddebd\" data-element_type=\"widget\" data-widget_type=\"gimont_elementor_heading.default\">\n\t\t\t\t<div class=\"elementor-widget-container\">\n\t\t\t\n\t\t\t<div class=\"ova-heading template_1\">\n\t\t\t\t\t\t\t\t\n\t\t\t\t\t\t\t\t\t\t\t\t\t\t\t<h2 class=\"title\">Valeurs<\/h2>\n\t\t\t\t\t\t\t\t\t\t\n\t\t\t\t\t\t\t\t\n\t\t\t\t\t\t\t\t\t<p class=\"desc\">Les valeurs qui guident la Fondation Bien-\u00catre Pour Tous reposent sur le respect profond de la dignit\u00e9 humaine et des droits fondamentaux de chaque personne. Nous d\u00e9fendons l\u2019\u00e9galit\u00e9 des chances, l\u2019amour et la justice pour tous, la paix, l\u2019int\u00e9grit\u00e9, l\u2019\u00e9quit\u00e9, ainsi que la lutte contre la pauvret\u00e9 et l\u2019exclusion sociale. Nous nous engageons \u00e9galement \u00e0 promouvoir un d\u00e9veloppement durable qui profite \u00e0 l\u2019ensemble de la communaut\u00e9.<\/p>\n\t\t\t\t\n\t\t\t<\/div>\n\n\t\t\t\t<\/div>\n\t\t\t\t<\/div>\n\t\t\t\t<div class=\"elementor-element elementor-element-f1f1eba elementor-widget elementor-widget-gimont_elementor_heading\" data-id=\"f1f1eba\" data-element_type=\"widget\" data-widget_type=\"gimont_elementor_heading.default\">\n\t\t\t\t<div class=\"elementor-widget-container\">\n\t\t\t\n\t\t\t<div class=\"ova-heading template_1\">\n\t\t\t\t\t\t\t\t\n\t\t\t\t\t\t\t\t\t\t\t\t\t\t\t<h2 class=\"title\">Vision<\/h2>\n\t\t\t\t\t\t\t\t\t\t\n\t\t\t\t\t\t\t\t\n\t\t\t\t\t\t\t\t\t<p class=\"desc\">Nous aspirons \u00e0 ce que chaque personne issue de l\u2019immigration\u2014qu\u2019elle soit francophone ou non\u2014dispose des outils, des ressources et du soutien n\u00e9cessaires pour r\u00e9ussir pleinement son int\u00e9gration sur les plans \u00e9conomique, social et culturel au Canada.<\/p>\n\t\t\t\t\n\t\t\t<\/div>\n\n\t\t\t\t<\/div>\n\t\t\t\t<\/div>\n\t\t\t\t<div class=\"elementor-element elementor-element-e0585e9 elementor-widget elementor-widget-spacer\" data-id=\"e0585e9\" data-element_type=\"widget\" data-widget_type=\"spacer.default\">\n\t\t\t\t<div class=\"elementor-widget-container\">\n\t\t\t<style>\/*! elementor - v3.22.0 - 24-06-2024 *\/\n.elementor-column .elementor-spacer-inner{height:var(--spacer-size)}.e-con{--container-widget-width:100%}.e-con-inner>.elementor-widget-spacer,.e-con>.elementor-widget-spacer{width:var(--container-widget-width,var(--spacer-size));--align-self:var(--container-widget-align-self,initial);--flex-shrink:0}.e-con-inner>.elementor-widget-spacer>.elementor-widget-container,.e-con>.elementor-widget-spacer>.elementor-widget-container{height:100%;width:100%}.e-con-inner>.elementor-widget-spacer>.elementor-widget-container>.elementor-spacer,.e-con>.elementor-widget-spacer>.elementor-widget-container>.elementor-spacer{height:100%}.e-con-inner>.elementor-widget-spacer>.elementor-widget-container>.elementor-spacer>.elementor-spacer-inner,.e-con>.elementor-widget-spacer>.elementor-widget-container>.elementor-spacer>.elementor-spacer-inner{height:var(--container-widget-height,var(--spacer-size))}.e-con-inner>.elementor-widget-spacer.elementor-widget-empty,.e-con>.elementor-widget-spacer.elementor-widget-empty{position:relative;min-height:22px;min-width:22px}.e-con-inner>.elementor-widget-spacer.elementor-widget-empty .elementor-widget-empty-icon,.e-con>.elementor-widget-spacer.elementor-widget-empty .elementor-widget-empty-icon{position:absolute;top:0;bottom:0;left:0;right:0;margin:auto;padding:0;width:22px;height:22px}<\/style>\t\t<div class=\"elementor-spacer\">\n\t\t\t<div class=\"elementor-spacer-inner\"><\/div>\n\t\t<\/div>\n\t\t\t\t<\/div>\n\t\t\t\t<\/div>\n\t\t\t\t\t<\/div>\n\t\t\t\t<\/div>\n\t\t\t\t<\/div>","protected":false},"excerpt":{"rendered":"<p>About WellBeing For All Foundation WellBeing For All Foundation is a registered charitable organization based in Ottawa, committed to providing a warm and welcoming reception, sustainable settlement, and harmonious integration for newcomers to Canada. We offer a comprehensive range of services, including orientation and referrals to settlement agencies, assistance with administrative procedures, online tax filing [&hellip;]<\/p>","protected":false},"author":1,"featured_media":0,"parent":0,"menu_order":41,"comment_status":"closed","ping_status":"closed","template":"elementor_header_footer","meta":{"inline_featured_image":false,"footnotes":""},"class_list":["post-405","page","type-page","status-publish","hentry"],"_links":{"self":[{"href":"https:\/\/fondationbe.com\/fr\/wp-json\/wp\/v2\/pages\/405","targetHints":{"allow":["GET"]}}],"collection":[{"href":"https:\/\/fondationbe.com\/fr\/wp-json\/wp\/v2\/pages"}],"about":[{"href":"https:\/\/fondationbe.com\/fr\/wp-json\/wp\/v2\/types\/page"}],"author":[{"embeddable":true,"href":"https:\/\/fondationbe.com\/fr\/wp-json\/wp\/v2\/users\/1"}],"replies":[{"embeddable":true,"href":"https:\/\/fondationbe.com\/fr\/wp-json\/wp\/v2\/comments?post=405"}],"version-history":[{"count":46,"href":"https:\/\/fondationbe.com\/fr\/wp-json\/wp\/v2\/pages\/405\/revisions"}],"predecessor-version":[{"id":18036,"href":"https:\/\/fondationbe.com\/fr\/wp-json\/wp\/v2\/pages\/405\/revisions\/18036"}],"wp:attachment":[{"href":"https:\/\/fondationbe.com\/fr\/wp-json\/wp\/v2\/media?parent=405"}],"curies":[{"name":"wp","href":"https:\/\/api.w.org\/{rel}","templated":true}]}}