{"id":17880,"date":"2024-04-20T03:49:55","date_gmt":"2024-04-20T03:49:55","guid":{"rendered":"https:\/\/fondationbe.com\/?page_id=17880"},"modified":"2025-01-25T21:59:46","modified_gmt":"2025-01-25T21:59:46","slug":"events","status":"publish","type":"page","link":"https:\/\/fondationbe.com\/fr\/events\/","title":{"rendered":"\u00c9V\u00c9NEMENTS"},"content":{"rendered":"<div data-elementor-type=\"wp-page\" data-elementor-id=\"17880\" class=\"elementor elementor-17880\" data-elementor-post-type=\"page\">\n\t\t\t\t<div class=\"elementor-element elementor-element-a5169ed e-flex e-con-boxed e-con e-parent\" data-id=\"a5169ed\" data-element_type=\"container\">\n\t\t\t\t\t<div class=\"e-con-inner\">\n\t\t\t\t<div class=\"elementor-element elementor-element-7464cbe elementor-widget elementor-widget-gimont_elementor_heading\" data-id=\"7464cbe\" data-element_type=\"widget\" data-widget_type=\"gimont_elementor_heading.default\">\n\t\t\t\t<div class=\"elementor-widget-container\">\n\t\t\t\n\t\t\t<div class=\"ova-heading template_1\">\n\t\t\t\t\t\t\t\t\t\t\t\t\t\t\t<span class=\"line\"><\/span>\n\t\t\t\t\t\t\t\t\t\t<span class=\"subtitle\">\u00c9V\u00c9NEMENT<\/span>\n\t\t\t\t\t\t\t\t\t\t\t\t\t\n\t\t\t\t\t\t\t\t\t\t\t\t\t\t\t<h2 class=\"title\">Formulaire d&#039;inscription \u00e0 la conf\u00e9rence<\/h2>\n\t\t\t\t\t\t\t\t\t\t\n\t\t\t\t\t\t\t\t\n\t\t\t\t\t\t\t\t\t<p class=\"desc\">Theme: D\u00e9mystifier les proc\u00e9dures d&#039;immigration au Canada \u2013 Opportunit\u00e9s d&#039;int\u00e9gration \u2013 Pr\u00e9venir les arnaques.<\/p>\n\t\t\t\t\n\t\t\t<\/div>\n\n\t\t\t\t<\/div>\n\t\t\t\t<\/div>\n\t\t\t\t\t<\/div>\n\t\t\t\t<\/div>\n\t\t<div class=\"elementor-element elementor-element-a8a4dca e-flex e-con-boxed e-con e-parent\" data-id=\"a8a4dca\" data-element_type=\"container\">\n\t\t\t\t\t<div class=\"e-con-inner\">\n\t\t<div class=\"elementor-element elementor-element-5516f91 e-con-full e-flex e-con e-child\" data-id=\"5516f91\" data-element_type=\"container\">\n\t\t\t\t<div class=\"elementor-element elementor-element-06412cb elementor-widget elementor-widget-gimont_elementor_icon_box\" data-id=\"06412cb\" data-element_type=\"widget\" data-widget_type=\"gimont_elementor_icon_box.default\">\n\t\t\t\t<div class=\"elementor-widget-container\">\n\t\t\t\n\t\t<div class=\"ova-icon-box template_1\">\n\t\t\t<div class=\"icon\">\n\t\t\t\t<svg aria-hidden=\"true\" class=\"e-font-icon-svg e-far-calendar-alt\" viewbox=\"0 0 448 512\" xmlns=\"http:\/\/www.w3.org\/2000\/svg\"><path d=\"M148 288h-40c-6.6 0-12-5.4-12-12v-40c0-6.6 5.4-12 12-12h40c6.6 0 12 5.4 12 12v40c0 6.6-5.4 12-12 12zm108-12v-40c0-6.6-5.4-12-12-12h-40c-6.6 0-12 5.4-12 12v40c0 6.6 5.4 12 12 12h40c6.6 0 12-5.4 12-12zm96 0v-40c0-6.6-5.4-12-12-12h-40c-6.6 0-12 5.4-12 12v40c0 6.6 5.4 12 12 12h40c6.6 0 12-5.4 12-12zm-96 96v-40c0-6.6-5.4-12-12-12h-40c-6.6 0-12 5.4-12 12v40c0 6.6 5.4 12 12 12h40c6.6 0 12-5.4 12-12zm-96 0v-40c0-6.6-5.4-12-12-12h-40c-6.6 0-12 5.4-12 12v40c0 6.6 5.4 12 12 12h40c6.6 0 12-5.4 12-12zm192 0v-40c0-6.6-5.4-12-12-12h-40c-6.6 0-12 5.4-12 12v40c0 6.6 5.4 12 12 12h40c6.6 0 12-5.4 12-12zm96-260v352c0 26.5-21.5 48-48 48H48c-26.5 0-48-21.5-48-48V112c0-26.5 21.5-48 48-48h48V12c0-6.6 5.4-12 12-12h40c6.6 0 12 5.4 12 12v52h128V12c0-6.6 5.4-12 12-12h40c6.6 0 12 5.4 12 12v52h48c26.5 0 48 21.5 48 48zm-48 346V160H48v298c0 3.3 2.7 6 6 6h340c3.3 0 6-2.7 6-6z\"><\/path><\/svg>\t\t\t<\/div>\n\n\t\t\t<div class=\"info\">\n\t\t\t\t\n\t\t\t\t<h3 class=\"title\">Date:<\/h3>\n\n\t\t\t\t\t\t\t\t\t<p class=\"desc\">\n\t\t\t\t\t\t21 f\u00e9vrier 2025, 08h00 AM\t\t\t\t\t<\/p>\n\t\t\t\t\t\t\t<\/div>\n\t\t<\/div>\n\n\t\t\t\t<\/div>\n\t\t\t\t<\/div>\n\t\t\t\t<\/div>\n\t\t<div class=\"elementor-element elementor-element-8205c6f e-con-full e-flex e-con e-child\" data-id=\"8205c6f\" data-element_type=\"container\">\n\t\t\t\t<div class=\"elementor-element elementor-element-91ab866 elementor-widget elementor-widget-gimont_elementor_icon_box\" data-id=\"91ab866\" data-element_type=\"widget\" data-widget_type=\"gimont_elementor_icon_box.default\">\n\t\t\t\t<div class=\"elementor-widget-container\">\n\t\t\t\n\t\t<div class=\"ova-icon-box template_1\">\n\t\t\t<div class=\"icon\">\n\t\t\t\t<i aria-hidden=\"true\" class=\"gimonticon gimonticon-location\"><\/i>\t\t\t<\/div>\n\n\t\t\t<div class=\"info\">\n\t\t\t\t\n\t\t\t\t<h3 class=\"title\">Lieu<\/h3>\n\n\t\t\t\t\t\t\t\t\t<p class=\"desc\">\n\t\t\t\t\t\tSalle des f\u00eates William Andem, face au Super U Bonamoussadi\t\t\t\t\t<\/p>\n\t\t\t\t\t\t\t<\/div>\n\t\t<\/div>\n\n\t\t\t\t<\/div>\n\t\t\t\t<\/div>\n\t\t\t\t<\/div>\n\t\t\t\t\t<\/div>\n\t\t\t\t<\/div>\n\t\t<div class=\"elementor-element elementor-element-7441749 e-flex e-con-boxed e-con e-parent\" data-id=\"7441749\" data-element_type=\"container\">\n\t\t\t\t\t<div class=\"e-con-inner\">\n\t\t\t\t<div class=\"elementor-element elementor-element-d5b05cb elementor-widget elementor-widget-image\" data-id=\"d5b05cb\" data-element_type=\"widget\" data-widget_type=\"image.default\">\n\t\t\t\t<div class=\"elementor-widget-container\">\n\t\t\t<style>\/*! elementor - v3.22.0 - 24-06-2024 *\/\n.elementor-widget-image{text-align:center}.elementor-widget-image a{display:inline-block}.elementor-widget-image a img[src$=\".svg\"]{width:48px}.elementor-widget-image img{vertical-align:middle;display:inline-block}<\/style>\t\t\t\t\t\t\t\t\t\t\t<a href=\"https:\/\/docs.google.com\/forms\/d\/e\/1FAIpQLSdvsEVPfbRW54m6fiO8gzuEENTHm8W2qtel5bG_arei7J2qvw\/viewform?usp=dialog\" target=\"_blank\" rel=\"nofollow\">\n\t\t\t\t\t\t\t<img fetchpriority=\"high\" decoding=\"async\" width=\"722\" height=\"1024\" src=\"https:\/\/fondationbe.com\/wp-content\/uploads\/2025\/01\/flyerConfe0-1-722x1024.jpg\" class=\"attachment-large size-large wp-image-17998\" alt=\"\" srcset=\"https:\/\/fondationbe.com\/wp-content\/uploads\/2025\/01\/flyerConfe0-1-722x1024.jpg 722w, https:\/\/fondationbe.com\/wp-content\/uploads\/2025\/01\/flyerConfe0-1-211x300.jpg 211w, https:\/\/fondationbe.com\/wp-content\/uploads\/2025\/01\/flyerConfe0-1-768x1090.jpg 768w, https:\/\/fondationbe.com\/wp-content\/uploads\/2025\/01\/flyerConfe0-1-1083x1536.jpg 1083w, https:\/\/fondationbe.com\/wp-content\/uploads\/2025\/01\/flyerConfe0-1-1444x2048.jpg 1444w, https:\/\/fondationbe.com\/wp-content\/uploads\/2025\/01\/flyerConfe0-1-8x12.jpg 8w, https:\/\/fondationbe.com\/wp-content\/uploads\/2025\/01\/flyerConfe0-1.jpg 1748w\" sizes=\"(max-width: 722px) 100vw, 722px\" \/>\t\t\t\t\t\t\t\t<\/a>\n\t\t\t\t\t\t\t\t\t\t\t\t\t<\/div>\n\t\t\t\t<\/div>\n\t\t\t\t\t<\/div>\n\t\t\t\t<\/div>\n\t\t<div class=\"elementor-element elementor-element-8a6e2f3 e-grid e-con-boxed e-con e-parent\" data-id=\"8a6e2f3\" data-element_type=\"container\">\n\t\t\t\t\t<div class=\"e-con-inner\">\n\t\t\t\t<div class=\"elementor-element elementor-element-4d0695a elementor-widget elementor-widget-image\" data-id=\"4d0695a\" data-element_type=\"widget\" data-widget_type=\"image.default\">\n\t\t\t\t<div class=\"elementor-widget-container\">\n\t\t\t\t\t\t\t\t\t\t<figure class=\"wp-caption\">\n\t\t\t\t\t\t\t\t\t\t\t<a href=\"https:\/\/docs.google.com\/forms\/d\/e\/1FAIpQLSdvsEVPfbRW54m6fiO8gzuEENTHm8W2qtel5bG_arei7J2qvw\/viewform?usp=dialog\" target=\"_blank\">\n\t\t\t\t\t\t\t<img fetchpriority=\"high\" decoding=\"async\" width=\"722\" height=\"1024\" src=\"https:\/\/fondationbe.com\/wp-content\/uploads\/2025\/01\/flyerConfe0-1-722x1024.jpg\" class=\"attachment-large size-large wp-image-17998\" alt=\"\" srcset=\"https:\/\/fondationbe.com\/wp-content\/uploads\/2025\/01\/flyerConfe0-1-722x1024.jpg 722w, https:\/\/fondationbe.com\/wp-content\/uploads\/2025\/01\/flyerConfe0-1-211x300.jpg 211w, https:\/\/fondationbe.com\/wp-content\/uploads\/2025\/01\/flyerConfe0-1-768x1090.jpg 768w, https:\/\/fondationbe.com\/wp-content\/uploads\/2025\/01\/flyerConfe0-1-1083x1536.jpg 1083w, https:\/\/fondationbe.com\/wp-content\/uploads\/2025\/01\/flyerConfe0-1-1444x2048.jpg 1444w, https:\/\/fondationbe.com\/wp-content\/uploads\/2025\/01\/flyerConfe0-1-8x12.jpg 8w, https:\/\/fondationbe.com\/wp-content\/uploads\/2025\/01\/flyerConfe0-1.jpg 1748w\" sizes=\"(max-width: 722px) 100vw, 722px\" \/>\t\t\t\t\t\t\t\t<\/a>\n\t\t\t\t\t\t\t\t\t\t\t<figcaption class=\"widget-image-caption wp-caption-text\"><\/figcaption>\n\t\t\t\t\t\t\t\t\t\t<\/figure>\n\t\t\t\t\t\t\t<\/div>\n\t\t\t\t<\/div>\n\t\t\t\t<div class=\"elementor-element elementor-element-b20d5dc elementor-widget elementor-widget-image\" data-id=\"b20d5dc\" data-element_type=\"widget\" data-widget_type=\"image.default\">\n\t\t\t\t<div class=\"elementor-widget-container\">\n\t\t\t\t\t\t\t\t\t\t\t\t\t<img decoding=\"async\" width=\"722\" height=\"1024\" src=\"https:\/\/fondationbe.com\/wp-content\/uploads\/2025\/01\/flyerConfe0verso-1-722x1024.jpg\" class=\"attachment-large size-large wp-image-18001\" alt=\"\" srcset=\"https:\/\/fondationbe.com\/wp-content\/uploads\/2025\/01\/flyerConfe0verso-1-722x1024.jpg 722w, https:\/\/fondationbe.com\/wp-content\/uploads\/2025\/01\/flyerConfe0verso-1-211x300.jpg 211w, https:\/\/fondationbe.com\/wp-content\/uploads\/2025\/01\/flyerConfe0verso-1-768x1090.jpg 768w, https:\/\/fondationbe.com\/wp-content\/uploads\/2025\/01\/flyerConfe0verso-1-1083x1536.jpg 1083w, https:\/\/fondationbe.com\/wp-content\/uploads\/2025\/01\/flyerConfe0verso-1-1444x2048.jpg 1444w, https:\/\/fondationbe.com\/wp-content\/uploads\/2025\/01\/flyerConfe0verso-1-8x12.jpg 8w, https:\/\/fondationbe.com\/wp-content\/uploads\/2025\/01\/flyerConfe0verso-1.jpg 1748w\" sizes=\"(max-width: 722px) 100vw, 722px\" \/>\t\t\t\t\t\t\t\t\t\t\t\t\t<\/div>\n\t\t\t\t<\/div>\n\t\t\t\t\t<\/div>\n\t\t\t\t<\/div>\n\t\t\t\t<\/div>","protected":false},"excerpt":{"rendered":"<p>event Formulaire d&#039;inscription \u00e0 la conf\u00e9rence Theme: D\u00e9mystifier les proc\u00e9dures d&#039;immigration au Canada \u2013 Opportunit\u00e9s d&#039;int\u00e9gration \u2013 Pr\u00e9venir les arnaques. Date: 21 f\u00e9vrier 2025, 08h00 AM Location: Salle des f\u00eates William Andem, face au Super U Bonamoussadi<\/p>","protected":false},"author":1,"featured_media":0,"parent":0,"menu_order":0,"comment_status":"closed","ping_status":"closed","template":"elementor_header_footer","meta":{"inline_featured_image":false,"footnotes":""},"class_list":["post-17880","page","type-page","status-publish","hentry"],"_links":{"self":[{"href":"https:\/\/fondationbe.com\/fr\/wp-json\/wp\/v2\/pages\/17880","targetHints":{"allow":["GET"]}}],"collection":[{"href":"https:\/\/fondationbe.com\/fr\/wp-json\/wp\/v2\/pages"}],"about":[{"href":"https:\/\/fondationbe.com\/fr\/wp-json\/wp\/v2\/types\/page"}],"author":[{"embeddable":true,"href":"https:\/\/fondationbe.com\/fr\/wp-json\/wp\/v2\/users\/1"}],"replies":[{"embeddable":true,"href":"https:\/\/fondationbe.com\/fr\/wp-json\/wp\/v2\/comments?post=17880"}],"version-history":[{"count":34,"href":"https:\/\/fondationbe.com\/fr\/wp-json\/wp\/v2\/pages\/17880\/revisions"}],"predecessor-version":[{"id":18014,"href":"https:\/\/fondationbe.com\/fr\/wp-json\/wp\/v2\/pages\/17880\/revisions\/18014"}],"wp:attachment":[{"href":"https:\/\/fondationbe.com\/fr\/wp-json\/wp\/v2\/media?parent=17880"}],"curies":[{"name":"wp","href":"https:\/\/api.w.org\/{rel}","templated":true}]}}