{"id":17778,"date":"2024-03-19T16:32:29","date_gmt":"2024-03-19T16:32:29","guid":{"rendered":"https:\/\/fondationbe.com\/?page_id=17778"},"modified":"2025-12-28T15:39:11","modified_gmt":"2025-12-28T15:39:11","slug":"testimonials","status":"publish","type":"page","link":"https:\/\/fondationbe.com\/fr\/testimonials\/","title":{"rendered":"T\u00c9MOIGNAGES"},"content":{"rendered":"<div data-elementor-type=\"wp-page\" data-elementor-id=\"17778\" class=\"elementor elementor-17778\" data-elementor-post-type=\"page\">\n\t\t\t\t<div class=\"elementor-element elementor-element-af3fd00 e-flex e-con-boxed e-con e-parent\" data-id=\"af3fd00\" data-element_type=\"container\">\n\t\t\t\t\t<div class=\"e-con-inner\">\n\t\t\t\t<div class=\"elementor-element elementor-element-3e77f1a elementor-widget elementor-widget-heading\" data-id=\"3e77f1a\" data-element_type=\"widget\" data-widget_type=\"heading.default\">\n\t\t\t\t<div class=\"elementor-widget-container\">\n\t\t\t<style>\/*! elementor - v3.22.0 - 24-06-2024 *\/\n.elementor-heading-title{padding:0;margin:0;line-height:1}.elementor-widget-heading .elementor-heading-title[class*=elementor-size-]>a{color:inherit;font-size:inherit;line-height:inherit}.elementor-widget-heading .elementor-heading-title.elementor-size-small{font-size:15px}.elementor-widget-heading .elementor-heading-title.elementor-size-medium{font-size:19px}.elementor-widget-heading .elementor-heading-title.elementor-size-large{font-size:29px}.elementor-widget-heading .elementor-heading-title.elementor-size-xl{font-size:39px}.elementor-widget-heading .elementor-heading-title.elementor-size-xxl{font-size:59px}<\/style><h2 class=\"elementor-heading-title elementor-size-default\">Quelques T\u00e9moignages<\/h2>\t\t<\/div>\n\t\t\t\t<\/div>\n\t\t\t\t\t<\/div>\n\t\t\t\t<\/div>\n\t\t<div class=\"elementor-element elementor-element-e723a0e e-flex e-con-boxed e-con e-parent\" data-id=\"e723a0e\" data-element_type=\"container\">\n\t\t\t\t\t<div class=\"e-con-inner\">\n\t\t\t\t<div class=\"elementor-element elementor-element-6f5d7b6 elementor-widget elementor-widget-gimont_elementor_testimonial_3\" data-id=\"6f5d7b6\" data-element_type=\"widget\" data-settings=\"{&quot;pause_on_hover&quot;:&quot;yes&quot;,&quot;infinite&quot;:&quot;yes&quot;,&quot;autoplay&quot;:&quot;yes&quot;,&quot;autoplay_speed&quot;:3000}\" data-widget_type=\"gimont_elementor_testimonial_3.default\">\n\t\t\t\t<div class=\"elementor-widget-container\">\n\t\t\t\n\t\t<div class=\"ova-testimonial-3\">\n\t\t\t<div class=\"slide-testimonial\" data-options=\"{&quot;slideBy&quot;:1,&quot;margin&quot;:30,&quot;autoplayHoverPause&quot;:true,&quot;loop&quot;:true,&quot;autoplay&quot;:true,&quot;autoplayTimeout&quot;:3000,&quot;smartSpeed&quot;:500,&quot;rtl&quot;:false}\">\n\t\t\t\t<div class=\"owl-carousel owl-theme\">\n\t\t\t\t\t\t\t\t\t\t\t\t\t\t\t\t\t\n\t\t\t\t\t\t<div class=\"item\">\n\t\t\t\t\t\t\t<div class=\"testimonial\">\n\t\t\t\t\t\t\t\t<div class=\"wrapper\">\n\t\t\t\t\t\t\t\t\t<div class=\"author\">\n\t\t\t\t\t\t\t\t\t\t<div class=\"img\">\n\t\t\t\t\t\t\t\t\t\t\t<img decoding=\"async\" src=\"https:\/\/fondationbe.com\/wp-content\/plugins\/elementor\/assets\/images\/placeholder.png\" alt=\"Aur\u00e9lie\">\n\t\t\t\t\t\t\t\t\t\t<\/div>\n\t\t\t\t\t\t\t\t\t\t\t\t\t\t\t\t\t\t\t\t\n\t\t\t\t\t\t\t\t\t<\/div>\n\n\t\t\t\t\t\t\t\t\t<div class=\"info\">\n\t\t\t\t\t\t\t\t\t\t\t\t\t\t\t\t\t\t\t\t\t<p class=\"desc\">Gr\u00e2ce \u00e0 la Fondation Bien-\u00eatre pour tous, ma fille a pu immigrer au Canada en un temps record. Apr\u00e8s avoir int\u00e9gr\u00e9 le groupe WhatsApp, j'ai re\u00e7u un accompagnement personnalis\u00e9 de Marius pour l'\u00e9quivalence WES et de Mariama, qui nous a guid\u00e9es avec une r\u00e9activit\u00e9 et une bienveillance exceptionnelles. Ma fille est aujourd'hui au Canada et continue d'\u00eatre soutenue. Une fondation humaine et efficace que je recommande vivement. C'est une mission de c\u0153ur qui change des vies.<\/p>\n\t\t\t\t\t\t\t\t\t\t\t\t\t\t\t\t\t\t\t\t<div class=\"footer\">\n\t\t\t\t\t\t\t\t\t\t\t<span class=\"name\">Aur\u00e9lie<\/span>\n\t\t\t\t\t\t\t\t\t\t\t<span class=\"job\">MEMBRE<\/span>\n\t\t\t\t\t\t\t\t\t\t<\/div>\n\t\t\t\t\t\t\t\t\t<\/div>\n\n\t\t\t\t\t\t\t\t<\/div>\n\t\t\t\t\t\t\t<\/div>\n\t\t\t\t\t\t<\/div>\n\t\t\t\t\t\t\t\t\t\t\t\t\t\t\t\t\t\n\t\t\t\t\t\t<div class=\"item\">\n\t\t\t\t\t\t\t<div class=\"testimonial\">\n\t\t\t\t\t\t\t\t<div class=\"wrapper\">\n\t\t\t\t\t\t\t\t\t<div class=\"author\">\n\t\t\t\t\t\t\t\t\t\t<div class=\"img\">\n\t\t\t\t\t\t\t\t\t\t\t<img decoding=\"async\" src=\"https:\/\/fondationbe.com\/wp-content\/plugins\/elementor\/assets\/images\/placeholder.png\" alt=\"Daryle\">\n\t\t\t\t\t\t\t\t\t\t<\/div>\n\t\t\t\t\t\t\t\t\t\t\t\t\t\t\t\t\t\t\t\t\n\t\t\t\t\t\t\t\t\t<\/div>\n\n\t\t\t\t\t\t\t\t\t<div class=\"info\">\n\t\t\t\t\t\t\t\t\t\t\t\t\t\t\t\t\t\t\t\t\t<p class=\"desc\">Gr\u00e2ce aux webinaires de la fondation, j'ai \u00e9t\u00e9 s\u00e9lectionn\u00e9e pour un poste au Canada. Malgr\u00e9 l'attente et l'annulation initiale de mon employeur, l'\u00e9quipe \u2014 Mariama, Marius et Ariane \u2014 m'a soutenue avec patience et conseils strat\u00e9giques. Aujourd'hui bien install\u00e9e et en poste, je remercie cette fondation pour son humanit\u00e9 et son accompagnement administratif pr\u00e9cieux. Je m'engage d\u00e9sormais \u00e0 aider les autres en retour, inspir\u00e9e par cette magnifique preuve de solidarit\u00e9 humaine. Merci du fond du c\u0153ur.<\/p>\n\t\t\t\t\t\t\t\t\t\t\t\t\t\t\t\t\t\t\t\t<div class=\"footer\">\n\t\t\t\t\t\t\t\t\t\t\t<span class=\"name\">Daryle<\/span>\n\t\t\t\t\t\t\t\t\t\t\t<span class=\"job\">MEMBRE<\/span>\n\t\t\t\t\t\t\t\t\t\t<\/div>\n\t\t\t\t\t\t\t\t\t<\/div>\n\n\t\t\t\t\t\t\t\t<\/div>\n\t\t\t\t\t\t\t<\/div>\n\t\t\t\t\t\t<\/div>\n\t\t\t\t\t\t\t\t\t\t\t\t\t\t\t\t\t\n\t\t\t\t\t\t<div class=\"item\">\n\t\t\t\t\t\t\t<div class=\"testimonial\">\n\t\t\t\t\t\t\t\t<div class=\"wrapper\">\n\t\t\t\t\t\t\t\t\t<div class=\"author\">\n\t\t\t\t\t\t\t\t\t\t<div class=\"img\">\n\t\t\t\t\t\t\t\t\t\t\t<img decoding=\"async\" src=\"https:\/\/fondationbe.com\/wp-content\/plugins\/elementor\/assets\/images\/placeholder.png\" alt=\"Armand\">\n\t\t\t\t\t\t\t\t\t\t<\/div>\n\t\t\t\t\t\t\t\t\t\t\t\t\t\t\t\t\t\t\t\t\n\t\t\t\t\t\t\t\t\t<\/div>\n\n\t\t\t\t\t\t\t\t\t<div class=\"info\">\n\t\t\t\t\t\t\t\t\t\t\t\t\t\t\t\t\t\t\t\t\t<p class=\"desc\">Apr\u00e8s une mauvaise exp\u00e9rience en 2021, j'ai d\u00e9couvert la fondation gr\u00e2ce \u00e0 une cousine. Lors des r\u00e9unions Zoom, Mariama a pris le temps de m'orienter vers les bonnes d\u00e9marches. Gr\u00e2ce \u00e0 ses conseils strat\u00e9giques et \u00e0 l'aide-m\u00e9moire fourni, j'ai pu am\u00e9liorer mon profil et obtenir mon PPR (Pr\u00eat \u00e0 \u00e9mettre le visa). Je remercie infiniment l'\u00e9quipe pour cet accompagnement honn\u00eate et efficace. C\u2019est une b\u00e9n\u00e9diction d'avoir enfin trouv\u00e9 le bon chemin vers le Canada.<\/p>\n\t\t\t\t\t\t\t\t\t\t\t\t\t\t\t\t\t\t\t\t<div class=\"footer\">\n\t\t\t\t\t\t\t\t\t\t\t<span class=\"name\">Armand<\/span>\n\t\t\t\t\t\t\t\t\t\t\t<span class=\"job\">MEMBRE<\/span>\n\t\t\t\t\t\t\t\t\t\t<\/div>\n\t\t\t\t\t\t\t\t\t<\/div>\n\n\t\t\t\t\t\t\t\t<\/div>\n\t\t\t\t\t\t\t<\/div>\n\t\t\t\t\t\t<\/div>\n\t\t\t\t\t\t\t\t\t\t\t\t\t\t\t\t\t\n\t\t\t\t\t\t<div class=\"item\">\n\t\t\t\t\t\t\t<div class=\"testimonial\">\n\t\t\t\t\t\t\t\t<div class=\"wrapper\">\n\t\t\t\t\t\t\t\t\t<div class=\"author\">\n\t\t\t\t\t\t\t\t\t\t<div class=\"img\">\n\t\t\t\t\t\t\t\t\t\t\t<img decoding=\"async\" src=\"https:\/\/fondationbe.com\/wp-content\/plugins\/elementor\/assets\/images\/placeholder.png\" alt=\"Nilda\">\n\t\t\t\t\t\t\t\t\t\t<\/div>\n\t\t\t\t\t\t\t\t\t\t\t\t\t\t\t\t\t\t\t\t\n\t\t\t\t\t\t\t\t\t<\/div>\n\n\t\t\t\t\t\t\t\t\t<div class=\"info\">\n\t\t\t\t\t\t\t\t\t\t\t\t\t\t\t\t\t\t\t\t\t<p class=\"desc\">Membre depuis 2023, j'ai r\u00e9ussi mon projet d'immigration gr\u00e2ce aux conseils strat\u00e9giques de Mariama. Face \u00e0 un dossier complexe et au stress des proc\u00e9dures, son soutien moral et son expertise m'ont permis d'obtenir mon PPR apr\u00e8s neuf mois. Une fois au Canada, la fondation m'a aid\u00e9e \u00e0 trouver un logement et \u00e0 finaliser mes d\u00e9marches administratives. Je vis aujourd'hui une int\u00e9gration sereine \u00e0 Ottawa. Merci \u00e0 Mariama et \u00e0 cette incroyable communaut\u00e9 pour leur bienveillance et leur accompagnement quotidien.<\/p>\n\t\t\t\t\t\t\t\t\t\t\t\t\t\t\t\t\t\t\t\t<div class=\"footer\">\n\t\t\t\t\t\t\t\t\t\t\t<span class=\"name\">Nilda<\/span>\n\t\t\t\t\t\t\t\t\t\t\t<span class=\"job\">MEMBRE<\/span>\n\t\t\t\t\t\t\t\t\t\t<\/div>\n\t\t\t\t\t\t\t\t\t<\/div>\n\n\t\t\t\t\t\t\t\t<\/div>\n\t\t\t\t\t\t\t<\/div>\n\t\t\t\t\t\t<\/div>\n\t\t\t\t\t\t\t\t\t\t\t\t\t\t\t\t\t\n\t\t\t\t\t\t<div class=\"item\">\n\t\t\t\t\t\t\t<div class=\"testimonial\">\n\t\t\t\t\t\t\t\t<div class=\"wrapper\">\n\t\t\t\t\t\t\t\t\t<div class=\"author\">\n\t\t\t\t\t\t\t\t\t\t<div class=\"img\">\n\t\t\t\t\t\t\t\t\t\t\t<img decoding=\"async\" src=\"https:\/\/fondationbe.com\/wp-content\/plugins\/elementor\/assets\/images\/placeholder.png\" alt=\"Anonymous\">\n\t\t\t\t\t\t\t\t\t\t<\/div>\n\t\t\t\t\t\t\t\t\t\t\t\t\t\t\t\t\t\t\t\t\n\t\t\t\t\t\t\t\t\t<\/div>\n\n\t\t\t\t\t\t\t\t\t<div class=\"info\">\n\t\t\t\t\t\t\t\t\t\t\t\t\t\t\t\t\t\t\t\t\t<p class=\"desc\">Gr\u00e2ce \u00e0 la fondation, mon projet d'immigration a \u00e9t\u00e9 un succ\u00e8s total. En suivant les conseils de Mariama et Marius pour les tests de langue et l'\u00e9quivalence WES, j'ai obtenu un score \u00e9lev\u00e9. Entr\u00e9e dans le bassin en ao\u00fbt 2024, j'ai re\u00e7u mon visa en seulement quelques mois. De la soumission du dossier \u00e0 l'installation au Canada avec mon \u00e9poux, l'accompagnement a \u00e9t\u00e9 honn\u00eate, gratuit et efficace. Je suis aujourd'hui une fiert\u00e9 pour ma famille et reconnaissante pour cette b\u00e9n\u00e9diction.<\/p>\n\t\t\t\t\t\t\t\t\t\t\t\t\t\t\t\t\t\t\t\t<div class=\"footer\">\n\t\t\t\t\t\t\t\t\t\t\t<span class=\"name\">Anonyme<\/span>\n\t\t\t\t\t\t\t\t\t\t\t<span class=\"job\">MEMBRE<\/span>\n\t\t\t\t\t\t\t\t\t\t<\/div>\n\t\t\t\t\t\t\t\t\t<\/div>\n\n\t\t\t\t\t\t\t\t<\/div>\n\t\t\t\t\t\t\t<\/div>\n\t\t\t\t\t\t<\/div>\n\t\t\t\t\t\t\t\t\t\t\t\t\t\t\t\t\t\n\t\t\t\t\t\t<div class=\"item\">\n\t\t\t\t\t\t\t<div class=\"testimonial\">\n\t\t\t\t\t\t\t\t<div class=\"wrapper\">\n\t\t\t\t\t\t\t\t\t<div class=\"author\">\n\t\t\t\t\t\t\t\t\t\t<div class=\"img\">\n\t\t\t\t\t\t\t\t\t\t\t<img decoding=\"async\" src=\"https:\/\/fondationbe.com\/wp-content\/plugins\/elementor\/assets\/images\/placeholder.png\" alt=\"L\">\n\t\t\t\t\t\t\t\t\t\t<\/div>\n\t\t\t\t\t\t\t\t\t\t\t\t\t\t\t\t\t\t\t\t\n\t\t\t\t\t\t\t\t\t<\/div>\n\n\t\t\t\t\t\t\t\t\t<div class=\"info\">\n\t\t\t\t\t\t\t\t\t\t\t\t\t\t\t\t\t\t\t\t\t<p class=\"desc\">J'ai rejoint les groupes de la fondation en 2023, ce qui m'a permis de peaufiner mon projet d'expatriation. Gr\u00e2ce \u00e0 la richesse des \u00e9changes et aux conseils partag\u00e9s, j'ai pu g\u00e9rer l'int\u00e9gralit\u00e9 de ma proc\u00e9dure en toute autonomie. Je suis aujourd'hui install\u00e9e \u00e0 Ottawa. Je tiens \u00e0 remercier Mariama pour sa contribution d\u00e9terminante \u00e0 la r\u00e9ussite de ce projet. Il est essentiel de c\u00e9l\u00e9brer de telles actions de son vivant. Que le Seigneur vous accorde longue vie.<\/p>\n\t\t\t\t\t\t\t\t\t\t\t\t\t\t\t\t\t\t\t\t<div class=\"footer\">\n\t\t\t\t\t\t\t\t\t\t\t<span class=\"name\">L<\/span>\n\t\t\t\t\t\t\t\t\t\t\t<span class=\"job\">MEMBRE<\/span>\n\t\t\t\t\t\t\t\t\t\t<\/div>\n\t\t\t\t\t\t\t\t\t<\/div>\n\n\t\t\t\t\t\t\t\t<\/div>\n\t\t\t\t\t\t\t<\/div>\n\t\t\t\t\t\t<\/div>\n\t\t\t\t\t\t\t\t\t\t\t\t\t\t\t\t\t\n\t\t\t\t\t\t<div class=\"item\">\n\t\t\t\t\t\t\t<div class=\"testimonial\">\n\t\t\t\t\t\t\t\t<div class=\"wrapper\">\n\t\t\t\t\t\t\t\t\t<div class=\"author\">\n\t\t\t\t\t\t\t\t\t\t<div class=\"img\">\n\t\t\t\t\t\t\t\t\t\t\t<img decoding=\"async\" src=\"https:\/\/fondationbe.com\/wp-content\/plugins\/elementor\/assets\/images\/placeholder.png\" alt=\"Carine\">\n\t\t\t\t\t\t\t\t\t\t<\/div>\n\t\t\t\t\t\t\t\t\t\t\t\t\t\t\t\t\t\t\t\t\n\t\t\t\t\t\t\t\t\t<\/div>\n\n\t\t\t\t\t\t\t\t\t<div class=\"info\">\n\t\t\t\t\t\t\t\t\t\t\t\t\t\t\t\t\t\t\t\t\t<p class=\"desc\">Je tiens \u00e0 exprimer ma profonde reconnaissance \u00e0 Mariama pour son soutien lors de notre \u00e9tablissement \u00e0 Ottawa en juin dernier. Malgr\u00e9 des d\u00e9buts difficiles li\u00e9s \u00e0 l'insertion, nous commen\u00e7ons aujourd'hui \u00e0 bien nous int\u00e9grer et \u00e0 apprendre chaque jour. Merci d'\u00eatre cette passerelle indispensable pour de nombreuses familles. Votre aide a \u00e9t\u00e9 pr\u00e9cieuse dans cette transition de vie. Soyez immens\u00e9ment b\u00e9nie pour tout ce que vous faites pour nous.<\/p>\n\t\t\t\t\t\t\t\t\t\t\t\t\t\t\t\t\t\t\t\t<div class=\"footer\">\n\t\t\t\t\t\t\t\t\t\t\t<span class=\"name\">Carine<\/span>\n\t\t\t\t\t\t\t\t\t\t\t<span class=\"job\">MEMBRE<\/span>\n\t\t\t\t\t\t\t\t\t\t<\/div>\n\t\t\t\t\t\t\t\t\t<\/div>\n\n\t\t\t\t\t\t\t\t<\/div>\n\t\t\t\t\t\t\t<\/div>\n\t\t\t\t\t\t<\/div>\n\t\t\t\t\t\t\t\t\t\t\t\t\t\t\t\t\t\n\t\t\t\t\t\t<div class=\"item\">\n\t\t\t\t\t\t\t<div class=\"testimonial\">\n\t\t\t\t\t\t\t\t<div class=\"wrapper\">\n\t\t\t\t\t\t\t\t\t<div class=\"author\">\n\t\t\t\t\t\t\t\t\t\t<div class=\"img\">\n\t\t\t\t\t\t\t\t\t\t\t<img decoding=\"async\" src=\"https:\/\/fondationbe.com\/wp-content\/plugins\/elementor\/assets\/images\/placeholder.png\" alt=\"MF\">\n\t\t\t\t\t\t\t\t\t\t<\/div>\n\t\t\t\t\t\t\t\t\t\t\t\t\t\t\t\t\t\t\t\t\n\t\t\t\t\t\t\t\t\t<\/div>\n\n\t\t\t\t\t\t\t\t\t<div class=\"info\">\n\t\t\t\t\t\t\t\t\t\t\t\t\t\t\t\t\t\t\t\t\t<p class=\"desc\">Apr\u00e8s plusieurs tentatives infructueuses et des exp\u00e9riences d\u00e9cevantes avec des tiers, j'ai repris ma proc\u00e9dure en main gr\u00e2ce aux conseils de Mariama et Marius. En suivant leurs formations et en consultant les ressources de la fondation, j'ai r\u00e9ussi mon test de langue (4C) et cr\u00e9\u00e9 mon profil Entr\u00e9e Express en toute autonomie. Je suis d\u00e9sormais admissible avec un score encourageant. Je remercie la fondation pour cette \u00e9cole de patience et de rigueur qui nous apprend \u00e0 r\u00e9ussir par nous-m\u00eames sans d\u00e9penser de sommes exorbitantes.<\/p>\n\t\t\t\t\t\t\t\t\t\t\t\t\t\t\t\t\t\t\t\t<div class=\"footer\">\n\t\t\t\t\t\t\t\t\t\t\t<span class=\"name\">MF<\/span>\n\t\t\t\t\t\t\t\t\t\t\t<span class=\"job\">MEMBRE<\/span>\n\t\t\t\t\t\t\t\t\t\t<\/div>\n\t\t\t\t\t\t\t\t\t<\/div>\n\n\t\t\t\t\t\t\t\t<\/div>\n\t\t\t\t\t\t\t<\/div>\n\t\t\t\t\t\t<\/div>\n\t\t\t\t\t\t\t\t\t\t\t\t\t\t\t\t\t\n\t\t\t\t\t\t<div class=\"item\">\n\t\t\t\t\t\t\t<div class=\"testimonial\">\n\t\t\t\t\t\t\t\t<div class=\"wrapper\">\n\t\t\t\t\t\t\t\t\t<div class=\"author\">\n\t\t\t\t\t\t\t\t\t\t<div class=\"img\">\n\t\t\t\t\t\t\t\t\t\t\t<img decoding=\"async\" src=\"https:\/\/fondationbe.com\/wp-content\/plugins\/elementor\/assets\/images\/placeholder.png\" alt=\"Camille\">\n\t\t\t\t\t\t\t\t\t\t<\/div>\n\t\t\t\t\t\t\t\t\t\t\t\t\t\t\t\t\t\t\t\t\n\t\t\t\t\t\t\t\t\t<\/div>\n\n\t\t\t\t\t\t\t\t\t<div class=\"info\">\n\t\t\t\t\t\t\t\t\t\t\t\t\t\t\t\t\t\t\t\t\t<p class=\"desc\">Je tiens \u00e0 rendre gr\u00e2ce \u00e0 Dieu et \u00e0 exprimer mon \u00e9ternelle reconnaissance envers Mariama. Gr\u00e2ce \u00e0 ses encouragements constants et au soutien de la fondation, je suis aujourd'hui pr\u00eate \u00e0 r\u00e9aliser mon r\u00eave d'expatriation. Cette aventure qui commence est le fruit d'un accompagnement pr\u00e9cieux et bienveillant. Merci maman pour tout ce que tu fais ; que le Seigneur te garde en sant\u00e9 et te b\u00e9nisse abondamment au centuple pour ton d\u00e9vouement envers nous.<\/p>\n\t\t\t\t\t\t\t\t\t\t\t\t\t\t\t\t\t\t\t\t<div class=\"footer\">\n\t\t\t\t\t\t\t\t\t\t\t<span class=\"name\">Camille<\/span>\n\t\t\t\t\t\t\t\t\t\t\t<span class=\"job\">MEMBRE<\/span>\n\t\t\t\t\t\t\t\t\t\t<\/div>\n\t\t\t\t\t\t\t\t\t<\/div>\n\n\t\t\t\t\t\t\t\t<\/div>\n\t\t\t\t\t\t\t<\/div>\n\t\t\t\t\t\t<\/div>\n\t\t\t\t\t\t\t\t\t\t\t\t\t\t\t\t\t\n\t\t\t\t\t\t<div class=\"item\">\n\t\t\t\t\t\t\t<div class=\"testimonial\">\n\t\t\t\t\t\t\t\t<div class=\"wrapper\">\n\t\t\t\t\t\t\t\t\t<div class=\"author\">\n\t\t\t\t\t\t\t\t\t\t<div class=\"img\">\n\t\t\t\t\t\t\t\t\t\t\t<img decoding=\"async\" src=\"https:\/\/fondationbe.com\/wp-content\/plugins\/elementor\/assets\/images\/placeholder.png\" alt=\"Evelyne\">\n\t\t\t\t\t\t\t\t\t\t<\/div>\n\t\t\t\t\t\t\t\t\t\t\t\t\t\t\t\t\t\t\t\t\n\t\t\t\t\t\t\t\t\t<\/div>\n\n\t\t\t\t\t\t\t\t\t<div class=\"info\">\n\t\t\t\t\t\t\t\t\t\t\t\t\t\t\t\t\t\t\t\t\t<p class=\"desc\">Gr\u00e2ce \u00e0 la Fondation Bien-\u00eatre pour tous, ma fille a pu immigrer au Canada en un temps record. Apr\u00e8s avoir int\u00e9gr\u00e9 le groupe WhatsApp, j'ai re\u00e7u un accompagnement personnalis\u00e9 de Marius pour l'\u00e9quivalence WES et de Mariama, qui nous a guid\u00e9es avec une r\u00e9activit\u00e9 et une bienveillance exceptionnelles. Ma fille est aujourd'hui au Canada et continue d'\u00eatre soutenue. Une fondation humaine et efficace que je recommande vivement. C'est une mission de c\u0153ur qui change des vies.<\/p>\n\t\t\t\t\t\t\t\t\t\t\t\t\t\t\t\t\t\t\t\t<div class=\"footer\">\n\t\t\t\t\t\t\t\t\t\t\t<span class=\"name\">Evelyne<\/span>\n\t\t\t\t\t\t\t\t\t\t\t<span class=\"job\">MEMBRE<\/span>\n\t\t\t\t\t\t\t\t\t\t<\/div>\n\t\t\t\t\t\t\t\t\t<\/div>\n\n\t\t\t\t\t\t\t\t<\/div>\n\t\t\t\t\t\t\t<\/div>\n\t\t\t\t\t\t<\/div>\n\t\t\t\t\t\t\t\t\t<\/div>\n\t\t\t<\/div>\n\t\t<\/div>\n\t\t\t\t<\/div>\n\t\t\t\t<\/div>\n\t\t\t\t\t<\/div>\n\t\t\t\t<\/div>\n\t\t\t\t<\/div>","protected":false},"excerpt":{"rendered":"<p>Some Testimonies Thanks to the Well-being for All Foundation, my daughter successfully immigrated to Canada in record time. After joining the WhatsApp group, I received personalized support from Marius for the WES equivalency and from Mariama, who guided us with exceptional responsiveness and kindness. My daughter is now in Canada and continues to receive support. [&hellip;]<\/p>","protected":false},"author":1,"featured_media":0,"parent":0,"menu_order":0,"comment_status":"closed","ping_status":"closed","template":"elementor_header_footer","meta":{"inline_featured_image":false,"footnotes":""},"class_list":["post-17778","page","type-page","status-publish","hentry"],"_links":{"self":[{"href":"https:\/\/fondationbe.com\/fr\/wp-json\/wp\/v2\/pages\/17778","targetHints":{"allow":["GET"]}}],"collection":[{"href":"https:\/\/fondationbe.com\/fr\/wp-json\/wp\/v2\/pages"}],"about":[{"href":"https:\/\/fondationbe.com\/fr\/wp-json\/wp\/v2\/types\/page"}],"author":[{"embeddable":true,"href":"https:\/\/fondationbe.com\/fr\/wp-json\/wp\/v2\/users\/1"}],"replies":[{"embeddable":true,"href":"https:\/\/fondationbe.com\/fr\/wp-json\/wp\/v2\/comments?post=17778"}],"version-history":[{"count":62,"href":"https:\/\/fondationbe.com\/fr\/wp-json\/wp\/v2\/pages\/17778\/revisions"}],"predecessor-version":[{"id":18096,"href":"https:\/\/fondationbe.com\/fr\/wp-json\/wp\/v2\/pages\/17778\/revisions\/18096"}],"wp:attachment":[{"href":"https:\/\/fondationbe.com\/fr\/wp-json\/wp\/v2\/media?parent=17778"}],"curies":[{"name":"wp","href":"https:\/\/api.w.org\/{rel}","templated":true}]}}