{"id":17769,"date":"2024-03-19T16:17:30","date_gmt":"2024-03-19T16:17:30","guid":{"rendered":"https:\/\/fondationbe.com\/?page_id=17769"},"modified":"2024-04-06T11:18:57","modified_gmt":"2024-04-06T11:18:57","slug":"volunteering","status":"publish","type":"page","link":"https:\/\/fondationbe.com\/fr\/volunteering\/","title":{"rendered":"B\u00e9n\u00e9volat"},"content":{"rendered":"<div data-elementor-type=\"wp-page\" data-elementor-id=\"17769\" class=\"elementor elementor-17769\" data-elementor-post-type=\"page\">\n\t\t\t\t<div class=\"elementor-element elementor-element-ad95478 e-flex e-con-boxed e-con e-parent\" data-id=\"ad95478\" data-element_type=\"container\">\n\t\t\t\t\t<div class=\"e-con-inner\">\n\t\t\t\t<div class=\"elementor-element elementor-element-80a2359 elementor-widget elementor-widget-heading\" data-id=\"80a2359\" data-element_type=\"widget\" data-widget_type=\"heading.default\">\n\t\t\t\t<div class=\"elementor-widget-container\">\n\t\t\t<style>\/*! elementor - v3.22.0 - 24-06-2024 *\/\n.elementor-heading-title{padding:0;margin:0;line-height:1}.elementor-widget-heading .elementor-heading-title[class*=elementor-size-]>a{color:inherit;font-size:inherit;line-height:inherit}.elementor-widget-heading .elementor-heading-title.elementor-size-small{font-size:15px}.elementor-widget-heading .elementor-heading-title.elementor-size-medium{font-size:19px}.elementor-widget-heading .elementor-heading-title.elementor-size-large{font-size:29px}.elementor-widget-heading .elementor-heading-title.elementor-size-xl{font-size:39px}.elementor-widget-heading .elementor-heading-title.elementor-size-xxl{font-size:59px}<\/style><h2 class=\"elementor-heading-title elementor-size-default\">Rejoignez-nous pour Faire une Diff\u00e9rence ! Devenez B\u00e9n\u00e9vole pour soutenir la Fondation Bien-\u00catre Pour Tous<\/h2>\t\t<\/div>\n\t\t\t\t<\/div>\n\t\t\t\t<div class=\"elementor-element elementor-element-05a4d8c elementor-widget elementor-widget-text-editor\" data-id=\"05a4d8c\" data-element_type=\"widget\" data-widget_type=\"text-editor.default\">\n\t\t\t\t<div class=\"elementor-widget-container\">\n\t\t\t<style>\/*! elementor - v3.22.0 - 24-06-2024 *\/\n.elementor-widget-text-editor.elementor-drop-cap-view-stacked .elementor-drop-cap{background-color:#69727d;color:#fff}.elementor-widget-text-editor.elementor-drop-cap-view-framed .elementor-drop-cap{color:#69727d;border:3px solid;background-color:transparent}.elementor-widget-text-editor:not(.elementor-drop-cap-view-default) .elementor-drop-cap{margin-top:8px}.elementor-widget-text-editor:not(.elementor-drop-cap-view-default) .elementor-drop-cap-letter{width:1em;height:1em}.elementor-widget-text-editor .elementor-drop-cap{float:left;text-align:center;line-height:1;font-size:50px}.elementor-widget-text-editor .elementor-drop-cap-letter{display:inline-block}<\/style>\t\t\t\t<p>Fondation Bien-\u00catre Pour Tous ne saurait r\u00e9ussir sa mission sans le soutien des b\u00e9n\u00e9voles d\u00e9vou\u00e9s, nos b\u00e9n\u00e9voles apportent une flexibilit\u00e9 et adaptabilit\u00e9 pr\u00e9cieuses dans l\u2019offre de service, ce qui permet \u00e0 la Fondation Bien-\u00catre Pour Tous de r\u00e9pondre de mani\u00e8re plus efficace et efficiente aux besoins changeants des nouveaux arrivants. Comme une source de soutiens, nos b\u00e9n\u00e9voles nous aident \u00e0 :<\/p><ol><li class=\" translation-block\"><strong>Renforcer les capacit\u00e9s d'accueil :<\/strong> nos b\u00e9n\u00e9voles apportent une aide pr\u00e9cieuse en augmentant notre capacit\u00e9 \u00e0 accompagner un plus grand nombre de nouveaux arrivants et \u00e0 r\u00e9pondre \u00e0 leurs besoins diversifi\u00e9s.<\/li><li class=\" translation-block\"><strong>Expertise et diversit\u00e9 des comp\u00e9tences:<\/strong> nos b\u00e9n\u00e9voles nous apportent une vari\u00e9t\u00e9 de comp\u00e9tences, d'exp\u00e9riences et de perspectives, ce qui enrichit le travail de la Fondation Bien-\u00catre Pour Tous et permet de mieux r\u00e9pondre aux besoins vari\u00e9s des nouveaux arrivants.<\/li><li class=\" translation-block\"><strong>Cr\u00e9ation d'un r\u00e9seau de soutien :<\/strong> nos b\u00e9n\u00e9voles contribuent \u00e0 la cr\u00e9ation d\u2019un r\u00e9seau de soutien solide pour les nouveaux arrivants, offrant une assistance pratique, \u00e9motionnelle et sociale tout au long de leur processus d'\u00e9tablissement et d'int\u00e9gration.<\/li><li class=\" translation-block\"><strong>\u00c9largir l'impact social:<\/strong> avec le soutien de nos b\u00e9n\u00e9voles, la Fondation Bien-\u00catre Pour Tous peut augmenter son impact social et \u00e9tendre sa port\u00e9e pour venir en aide \u00e0 un plus grand nombre de personnes n\u00e9cessitant un soutien \u00e0 leur arriv\u00e9e au Canada.<\/li><\/ol><p>Vous cherchez \u00e0 faire une diff\u00e9rence tangible dans votre communaut\u00e9? Alors ne cherchez plus! la Fondation Bien-\u00catre Pour Tous vous offre l'opportunit\u00e9 unique de mettre vos talents et votre \u00e9nergie au service d'une cause louable.<\/p>\t\t\t\t\t\t<\/div>\n\t\t\t\t<\/div>\n\t\t\t\t<div class=\"elementor-element elementor-element-4c5e543 elementor-widget elementor-widget-heading\" data-id=\"4c5e543\" data-element_type=\"widget\" data-widget_type=\"heading.default\">\n\t\t\t\t<div class=\"elementor-widget-container\">\n\t\t\t<h2 class=\"elementor-heading-title elementor-size-default\">Pour en savoir plus sur la fa\u00e7on de devenir volontaire pour notre fondation, contactez-nous d\u00e8s maintenant ! <\/h2>\t\t<\/div>\n\t\t\t\t<\/div>\n\t\t\t\t\t<\/div>\n\t\t\t\t<\/div>\n\t\t\t\t<section class=\"elementor-section elementor-top-section elementor-element elementor-element-18211e28 elementor-section-boxed elementor-section-height-default elementor-section-height-default\" data-id=\"18211e28\" data-element_type=\"section\">\n\t\t\t\t\t\t<div class=\"elementor-container elementor-column-gap-default\">\n\t\t\t\t\t<div class=\"elementor-column elementor-col-33 elementor-top-column elementor-element elementor-element-4f9044f3\" data-id=\"4f9044f3\" data-element_type=\"column\">\n\t\t\t<div class=\"elementor-widget-wrap elementor-element-populated\">\n\t\t\t\t\t\t<div class=\"elementor-element elementor-element-2a40cd5b elementor-widget elementor-widget-gimont_elementor_contact_info\" data-id=\"2a40cd5b\" data-element_type=\"widget\" data-widget_type=\"gimont_elementor_contact_info.default\">\n\t\t\t\t<div class=\"elementor-widget-container\">\n\t\t\t\n\t\t<ul class=\"ova-contact-info\">\n\t\t\t\t\t\t\t\t\t\t\t\t\t\t\t\n\t\t\t\t<li class=\"item\">\n\t\t\t\t\t<div class=\"icon\">\n\t\t\t\t\t\t<i aria-hidden=\"true\" class=\"gimonticon gimonticon-phone-call\"><\/i>\t\t\t\t\t<\/div>\n\t\t\t\t\t<div class=\"info\">\n\t\t\t\t\t\t<span class=\"label\">avez-vous des Questions ?<\/span>\n\t\t\t\t\t\t<h3 class=\"text\">\n\n\t\t\t\t\t\t\t\n\t\t\t\t\t\t\t\t<a href=\"tel: 1 403 667 3097\"\n\t\t\t\t\t\t\t\t\ttitle=\"phone\"\n\t\t\t\t\t\t\t\t\ttarget=\"_blank\" >\n\t\t\t\t\t\t\t\t\tAppeler le +1 403 667 3097\t\t\t\t\t\t\t\t<\/a>\n\n\t\t\t\t\t\t\t\n\t\t\t\t\t\t<\/h3>\n\t\t\t\t\t<\/div>\n\t\t\t\t<\/li>\n\n\t\t\t\t\t\t\t\t\t\t\t\t\n\t\t\t\t<li class=\"item\">\n\t\t\t\t\t<div class=\"icon\">\n\t\t\t\t\t\t<i aria-hidden=\"true\" class=\"gimonticon gimonticon-email\"><\/i>\t\t\t\t\t<\/div>\n\t\t\t\t\t<div class=\"info\">\n\t\t\t\t\t\t<span class=\"label\">Contactez-nous par mail<\/span>\n\t\t\t\t\t\t<h3 class=\"text\">\n\n\t\t\t\t\t\t\t\n\t\t\t\t\t\t\t\t<a href=\"mailto:infofondationbe@gmail.com\"\n\t\t\t\t\t\t\t\t\ttitle=\"email\"\n\t\t\t\t\t\t\t\t\ttarget=\"_blank\" >\n\t\t\t\t\t\t\t\t\tinfofondationbe@gmail.com\t\t\t\t\t\t\t\t<\/a>\n\n\t\t\t\t\t\t\t\n\t\t\t\t\t\t<\/h3>\n\t\t\t\t\t<\/div>\n\t\t\t\t<\/li>\n\n\t\t\t\t\t\t\t\t\t<\/ul>\n\t\t\t\t<\/div>\n\t\t\t\t<\/div>\n\t\t\t\t\t<\/div>\n\t\t<\/div>\n\t\t\t\t<div class=\"elementor-column elementor-col-66 elementor-top-column elementor-element elementor-element-694953cc\" data-id=\"694953cc\" data-element_type=\"column\">\n\t\t\t<div class=\"elementor-widget-wrap elementor-element-populated\">\n\t\t\t\t\t\t<div class=\"elementor-element elementor-element-7cee593f elementor-widget elementor-widget-shortcode\" data-id=\"7cee593f\" data-element_type=\"widget\" data-widget_type=\"shortcode.default\">\n\t\t\t\t<div class=\"elementor-widget-container\">\n\t\t\t\t\t<div class=\"elementor-shortcode\">\n<div class=\"wpcf7 no-js\" id=\"wpcf7-f6-o1\" lang=\"en-US\" dir=\"ltr\" data-wpcf7-id=\"6\">\n<div class=\"screen-reader-response\"><p role=\"status\" aria-live=\"polite\" aria-atomic=\"true\"><\/p> <ul><\/ul><\/div>\n<form action=\"\/fr\/wp-json\/wp\/v2\/pages\/17769#wpcf7-f6-o1\" method=\"post\" class=\"wpcf7-form init\" aria-label=\"Contact form\" novalidate=\"novalidate\" data-status=\"init\" data-trp-original-action=\"\/fr\/wp-json\/wp\/v2\/pages\/17769#wpcf7-f6-o1\">\n<fieldset class=\"hidden-fields-container\"><input type=\"hidden\" name=\"_wpcf7\" value=\"6\" \/><input type=\"hidden\" name=\"_wpcf7_version\" value=\"6.1.4\" \/><input type=\"hidden\" name=\"_wpcf7_locale\" value=\"en_US\" \/><input type=\"hidden\" name=\"_wpcf7_unit_tag\" value=\"wpcf7-f6-o1\" \/><input type=\"hidden\" name=\"_wpcf7_container_post\" value=\"0\" \/><input type=\"hidden\" name=\"_wpcf7_posted_data_hash\" value=\"\" \/>\n<\/fieldset>\n<p><label> Votre Nom<br \/>\n<span class=\"wpcf7-form-control-wrap\" data-name=\"your-name\"><input size=\"40\" maxlength=\"400\" class=\"wpcf7-form-control wpcf7-text wpcf7-validates-as-required\" autocomplete=\"name\" aria-required=\"true\" aria-invalid=\"false\" value=\"\" type=\"text\" name=\"your-name\" \/><\/span> <\/label>\n<\/p>\n<p><label> Votre Mail<br \/>\n<span class=\"wpcf7-form-control-wrap\" data-name=\"your-email\"><input size=\"40\" maxlength=\"400\" class=\"wpcf7-form-control wpcf7-email wpcf7-validates-as-required wpcf7-text wpcf7-validates-as-email\" autocomplete=\"email\" aria-required=\"true\" aria-invalid=\"false\" value=\"\" type=\"email\" name=\"your-email\" \/><\/span> <\/label>\n<\/p>\n<p><label> Sujet<br \/>\n<span class=\"wpcf7-form-control-wrap\" data-name=\"your-subject\"><input size=\"40\" maxlength=\"400\" class=\"wpcf7-form-control wpcf7-text wpcf7-validates-as-required\" aria-required=\"true\" aria-invalid=\"false\" value=\"\" type=\"text\" name=\"your-subject\" \/><\/span> <\/label>\n<\/p>\n<p><label> Votre Message (Optionnel)<br \/>\n<span class=\"wpcf7-form-control-wrap\" data-name=\"your-message\"><textarea cols=\"40\" rows=\"10\" maxlength=\"2000\" class=\"wpcf7-form-control wpcf7-textarea\" aria-invalid=\"false\" name=\"your-message\"><\/textarea><\/span> <\/label>\n<\/p>\n<p><input class=\"wpcf7-form-control wpcf7-submit has-spinner\" type=\"submit\" value=\"Envoyer\" \/>\n<\/p><div class=\"wpcf7-response-output\" aria-hidden=\"true\"><\/div>\n<input type=\"hidden\" name=\"trp-form-language\" value=\"fr\"\/><\/form>\n<\/div>\n<\/div>\n\t\t\t\t<\/div>\n\t\t\t\t<\/div>\n\t\t\t\t\t<\/div>\n\t\t<\/div>\n\t\t\t\t\t<\/div>\n\t\t<\/section>\n\t\t\t\t<\/div>","protected":false},"excerpt":{"rendered":"<p>Join us in making a difference! Become a volunteer to support the WellBeing For All Foundation WellBeing For All Foundation would not be able to achieve its goals without the support of dedicated volunteers. Our volunteers bring tremendous flexibility and adaptability to our services, allowing WellBeing For All Foundation to respond more effectively and efficiently [&hellip;]<\/p>","protected":false},"author":1,"featured_media":0,"parent":0,"menu_order":0,"comment_status":"closed","ping_status":"closed","template":"elementor_header_footer","meta":{"inline_featured_image":false,"footnotes":""},"class_list":["post-17769","page","type-page","status-publish","hentry"],"_links":{"self":[{"href":"https:\/\/fondationbe.com\/fr\/wp-json\/wp\/v2\/pages\/17769","targetHints":{"allow":["GET"]}}],"collection":[{"href":"https:\/\/fondationbe.com\/fr\/wp-json\/wp\/v2\/pages"}],"about":[{"href":"https:\/\/fondationbe.com\/fr\/wp-json\/wp\/v2\/types\/page"}],"author":[{"embeddable":true,"href":"https:\/\/fondationbe.com\/fr\/wp-json\/wp\/v2\/users\/1"}],"replies":[{"embeddable":true,"href":"https:\/\/fondationbe.com\/fr\/wp-json\/wp\/v2\/comments?post=17769"}],"version-history":[{"count":10,"href":"https:\/\/fondationbe.com\/fr\/wp-json\/wp\/v2\/pages\/17769\/revisions"}],"predecessor-version":[{"id":17825,"href":"https:\/\/fondationbe.com\/fr\/wp-json\/wp\/v2\/pages\/17769\/revisions\/17825"}],"wp:attachment":[{"href":"https:\/\/fondationbe.com\/fr\/wp-json\/wp\/v2\/media?parent=17769"}],"curies":[{"name":"wp","href":"https:\/\/api.w.org\/{rel}","templated":true}]}}