{"id":17744,"date":"2024-03-19T11:15:39","date_gmt":"2024-03-19T11:15:39","guid":{"rendered":"https:\/\/fondationbe.com\/?page_id=17744"},"modified":"2024-05-02T20:40:07","modified_gmt":"2024-05-02T20:40:07","slug":"for-those-who-wish-to-immigrate-to-canada","status":"publish","type":"page","link":"https:\/\/fondationbe.com\/fr\/for-those-who-wish-to-immigrate-to-canada\/","title":{"rendered":"Informations pour ceux qui d\u00e9sirent immigrer au Canada"},"content":{"rendered":"<p>Immigrer au Canada peut offrir des perspectives d'avenir prometteuses, une meilleure qualit\u00e9 de vie, des opportunit\u00e9s d'\u00e9ducation et d'emploi, ainsi qu'une communaut\u00e9 diversifi\u00e9e et accueillante. Cependant, chaque situation est unique et il est important de bien se renseigner sur les processus d'immigration et les aspects pratiques de la vie au Canada avant de prendre une d\u00e9cision.<\/p>\n<ol>\n<li class=\" translation-block\"><strong>Processus d'Immigration : <\/strong> Le candidat devra choisir le programme d'immigration adapt\u00e9 \u00e0 son profil, passer un test langue (TCF, TEF &amp; IELTS), faire l\u2019\u00e9valuer ces dipl\u00f4mes (WES &amp; IQAS) remplir les formulaires requis, passer des examens m\u00e9dicaux et de s\u00e9curit\u00e9, et attendre l'approbation de son immigration par les autorit\u00e9s canadiennes.<\/li>\n<li class=\" translation-block\"><strong>Adaptation:<\/strong> En arrivant au Canada, le candidat devra s'adapter \u00e0 un nouvel environnement culturel, climatique, linguistique et social, ce qui peut n\u00e9cessiter un temps d'adaptation.<\/li>\n<li class=\" translation-block\"><strong>Opportunit\u00e9s d'Emploi:<\/strong> Le Canada offre de nombreuses opportunit\u00e9s d'emploi dans divers secteurs, mais le candidat devra peut-\u00eatre suivre des d\u00e9marches suppl\u00e9mentaires pour valider ses qualifications avant d\u2019obtenir un emploi correspondant \u00e0 ses comp\u00e9tences.<\/li>\n<li class=\" translation-block\"><strong>Acc\u00e8s aux Services de Sant\u00e9: <\/strong> En tant que r\u00e9sident permanent, le candidat et sa famille auront acc\u00e8s aux services de sant\u00e9 publics gratuits. Le Canada est en effet reconnu pour son syst\u00e8me de sant\u00e9 universel, appel\u00e9 l'Assurance Sant\u00e9. Ce syst\u00e8me vise \u00e0 offrir \u00e0 tous les r\u00e9sidents du Canada un acc\u00e8s \u00e9quitable et abordable aux services de sant\u00e9 de base<\/li>\n<li class=\" translation-block\"><strong>Diversit\u00e9:<\/strong> Le Canada est connu pour sa diversit\u00e9 culturelle, son inclusion sociale et sa tol\u00e9rance, offrant un environnement accueillant et ouvert aux personnes de toutes origines.<\/li>\n<li class=\" translation-block\"><strong>Qualit\u00e9 de Vie: <\/strong> Le Canada est souvent class\u00e9 parmi les meilleurs pays au monde pour sa qualit\u00e9 de vie, offrant un environnement s\u00fbr, des espaces naturels pr\u00e9serv\u00e9s, et des opportunit\u00e9s de croissance et d'\u00e9panouissement personnel.<\/li>\n<li class=\" translation-block\"><strong>Syst\u00e8me \u00c9ducatif: <\/strong> Le Canada offre un syst\u00e8me \u00e9ducatif r\u00e9put\u00e9, comprenant des \u00e9tablissements d'enseignement de renomm\u00e9e mondiale, des universit\u00e9s et des coll\u00e8ges qui proposent une large gamme de programmes acad\u00e9miques et professionnels<\/li>\n<li class=\" translation-block\"><strong>Possibilit\u00e9s de Financement: <\/strong> Les nouveaux arrivants peuvent b\u00e9n\u00e9ficier de diverses options de financement et de bourses d'\u00e9tudes offertes par les \u00e9tablissements d'enseignement, les gouvernements ou d'autres organisations pour les aider \u00e0 financer leurs \u00e9tudes.<\/li>\n<li class=\" translation-block\"><strong>L'Allocation canadienne pour enfants:<\/strong>  Au Canada, il existe une prestation appel\u00e9e l'Allocation canadienne pour enfants (ACE) qui vise \u00e0 aider les familles \u00e0 subvenir aux besoins de leurs enfants. Le montant de l'ACE est vers\u00e9 chaque mois aux familles avec enfants et varie en fonction du revenu familial, du nombre d'enfants et de l'\u00e2ge des enfants.<\/li>\n<li class=\" translation-block\"><strong>Soutien au Revenu:<\/strong> Les familles en situation de faible revenu peuvent \u00eatre admissibles \u00e0 des programmes d'aide sociale offerts par les gouvernements provinciaux. Ces programmes visent \u00e0 soutenir les familles en situation de pr\u00e9carit\u00e9 financi\u00e8re en leur fournissant une aide financi\u00e8re mensuelle, une aide au logement, une assistance m\u00e9dicale, des bons alimentaires, etc.<\/li>\n<li class=\" translation-block\"><strong>Les banques alimentaires :<\/strong> Au Canada, les banques alimentaires jouent un r\u00f4le crucial dans la lutte contre l'ins\u00e9curit\u00e9 alimentaire en fournissant une aide alimentaire aux personnes et aux familles dans le besoin. Les denr\u00e9es alimentaires sont recueillies aupr\u00e8s de donateurs, et stock\u00e9es pour \u00eatre distribu\u00e9es par la suite aux personnes n\u00e9cessiteuses \u00e0 travers des organismes partenaires tels que des soupes populaires, des refuges pour sans-abri, des centres communautaires, etc.<\/li>\n<\/ol>\n<p>\u00a0<\/p>\n<p>La Fondation Bien-\u00catre Pour Tous vous offre un accompagnement gratuit et personnalis\u00e9 et d\u2019autres ressources pour vous aider \u00e0 mener de A \u00e0 Z avec succ\u00e8s votre projet d\u2019immigration au Canada pour toute question, n\u2019h\u00e9siter pas de nous contacter et notre \u00e9quipe prendra attache avec vous.<\/p>\n<p>\t\t\t<a href=\"https:\/\/fondationbe.com\/fr\/step-by-step-immigration-procedure\/\"><br \/>\n\t\t\t\t\t\tTelechargez le guide complet ici<br \/>\n\t\t\t\t\t<\/a><\/p>","protected":false},"excerpt":{"rendered":"<p>Immigrating in Canada can offer promising prospects, a better quality of life, educational and employment opportunities, as well as a diverse and welcoming community. However, every situation is unique, and it&#8217;s important to learn about the immigration process and the practical aspects of life in Canada before planning your move. Immigration process: Candidates must choose [&hellip;]<\/p>","protected":false},"author":1,"featured_media":0,"parent":0,"menu_order":0,"comment_status":"closed","ping_status":"closed","template":"elementor_header_footer","meta":{"inline_featured_image":false,"footnotes":""},"class_list":["post-17744","page","type-page","status-publish","hentry"],"_links":{"self":[{"href":"https:\/\/fondationbe.com\/fr\/wp-json\/wp\/v2\/pages\/17744","targetHints":{"allow":["GET"]}}],"collection":[{"href":"https:\/\/fondationbe.com\/fr\/wp-json\/wp\/v2\/pages"}],"about":[{"href":"https:\/\/fondationbe.com\/fr\/wp-json\/wp\/v2\/types\/page"}],"author":[{"embeddable":true,"href":"https:\/\/fondationbe.com\/fr\/wp-json\/wp\/v2\/users\/1"}],"replies":[{"embeddable":true,"href":"https:\/\/fondationbe.com\/fr\/wp-json\/wp\/v2\/comments?post=17744"}],"version-history":[{"count":17,"href":"https:\/\/fondationbe.com\/fr\/wp-json\/wp\/v2\/pages\/17744\/revisions"}],"predecessor-version":[{"id":17913,"href":"https:\/\/fondationbe.com\/fr\/wp-json\/wp\/v2\/pages\/17744\/revisions\/17913"}],"wp:attachment":[{"href":"https:\/\/fondationbe.com\/fr\/wp-json\/wp\/v2\/media?parent=17744"}],"curies":[{"name":"wp","href":"https:\/\/api.w.org\/{rel}","templated":true}]}}