{"id":17377,"date":"2024-02-20T10:08:47","date_gmt":"2024-02-20T10:08:47","guid":{"rendered":"https:\/\/fondationbe.com\/index.php\/register\/"},"modified":"2024-03-01T11:14:38","modified_gmt":"2024-03-01T11:14:38","slug":"register","status":"publish","type":"page","link":"https:\/\/fondationbe.com\/fr\/register\/","title":{"rendered":"S'enregistrer"},"content":{"rendered":"<div data-elementor-type=\"wp-page\" data-elementor-id=\"17377\" class=\"elementor elementor-17377\" data-elementor-post-type=\"page\">\n\t\t\t\t<div class=\"elementor-element elementor-element-5c0157ae e-flex e-con-boxed e-con e-parent\" data-id=\"5c0157ae\" data-element_type=\"container\">\n\t\t\t\t\t<div class=\"e-con-inner\">\n\t\t\t\t<div class=\"elementor-element elementor-element-3b056a28 elementor-widget elementor-widget-text-editor\" data-id=\"3b056a28\" data-element_type=\"widget\" data-widget_type=\"text-editor.default\">\n\t\t\t\t<div class=\"elementor-widget-container\">\n\t\t\t<style>\/*! elementor - v3.22.0 - 24-06-2024 *\/\n.elementor-widget-text-editor.elementor-drop-cap-view-stacked .elementor-drop-cap{background-color:#69727d;color:#fff}.elementor-widget-text-editor.elementor-drop-cap-view-framed .elementor-drop-cap{color:#69727d;border:3px solid;background-color:transparent}.elementor-widget-text-editor:not(.elementor-drop-cap-view-default) .elementor-drop-cap{margin-top:8px}.elementor-widget-text-editor:not(.elementor-drop-cap-view-default) .elementor-drop-cap-letter{width:1em;height:1em}.elementor-widget-text-editor .elementor-drop-cap{float:left;text-align:center;line-height:1;font-size:50px}.elementor-widget-text-editor .elementor-drop-cap-letter{display:inline-block}<\/style>\t\t\t\t<div id=\"wppb-form-style-1-wrapper\">        <form enctype=\"multipart\/form-data\" method=\"post\" id=\"wppb-register-user\" class=\"wppb-user-forms wppb-register-user wppb-user-logged-out\" action=\"https:\/\/fondationbe.com\/fr\/wp-json\/wp\/v2\/pages\/17377\" data-trp-original-action=\"https:\/\/fondationbe.com\/fr\/wp-json\/wp\/v2\/pages\/17377\">\n\t\t\t<ul><li class=\"wppb-form-field wppb-default-username wppb-form-text-field label-outside\" id=\"wppb-form-element-2\">\n\t\t\t<label for=\"username\">Nom D'utilisateur<span class=\"wppb-required\" title=\"This field is required\">*<\/span><\/label>\n\t\t\t<input class=\"text-input default_field_username\" name=\"username\" maxlength=\"70\" type=\"text\" id=\"username\" value=\"\"  \/><\/li><li class=\"wppb-form-field wppb-default-password wppb-form-text-field label-outside\" id=\"wppb-form-element-12\">\n\t\t\t<label for=\"passw1\">Mot de Pass<span class=\"wppb-required\" title=\"This field is required\">*<\/span><\/label>\n\t\t\t<input class=\"text-input\" name=\"passw1\" maxlength=\"70\" type=\"password\" id=\"passw1\" value=\"\" autocomplete=\"off\" \/><span class=\"wppb-description-delimiter\"> <\/span><\/li><li class=\"wppb-form-field wppb-default-first-name wppb-form-text-field label-outside\" id=\"wppb-form-element-3\">\n\t\t\t<label for=\"first_name\">Pr\u00e9nom<\/label>\n\t\t\t<input class=\"text-input default_field_firstname\" name=\"first_name\" maxlength=\"70\" type=\"text\" id=\"first_name\" value=\"\"  \/><\/li><li class=\"wppb-form-field wppb-default-last-name wppb-form-text-field label-outside\" id=\"wppb-form-element-4\">\n\t\t\t<label for=\"last_name\">Nom<\/label>\n\t\t\t<input class=\"text-input default_field_lastname\" name=\"last_name\" maxlength=\"70\" type=\"text\" id=\"last_name\" value=\"\" \/><\/li><li class=\"wppb-form-field wppb-select-country wppb-form-select-field label-outside\" id=\"wppb-form-element-17\">\n\t\t\t\t<label for=\"custom_field_4\">Pays<span class=\"wppb-required\" title=\"This field is required\">*<\/span><\/label>\n\t\t\t\t<select name=\"custom_field_4\" id=\"custom_field_4\" class=\"custom_field_country_select\" ><option value=\"\">Select a Country<\/option><option value=\"AF\">Afghanistan<\/option><option value=\"AX\">Aland Islands<\/option><option value=\"AL\">Albania<\/option><option value=\"DZ\">Algeria<\/option><option value=\"AS\">American Samoa<\/option><option value=\"AD\">Andorra<\/option><option value=\"AO\">Angola<\/option><option value=\"AI\">Anguilla<\/option><option value=\"AQ\">Antarctica<\/option><option value=\"AG\">Antigua and Barbuda<\/option><option value=\"AR\">Argentina<\/option><option value=\"AM\">Armenia<\/option><option value=\"AW\">Aruba<\/option><option value=\"AU\">Australia<\/option><option value=\"AT\">Austria<\/option><option value=\"AZ\">Azerbaijan<\/option><option value=\"BS\">Bahamas<\/option><option value=\"BH\">Bahrain<\/option><option value=\"BD\">Bangladesh<\/option><option value=\"BB\">Barbados<\/option><option value=\"BY\">Belarus<\/option><option value=\"BE\">Belgium<\/option><option value=\"BZ\">Belize<\/option><option value=\"BJ\">Benin<\/option><option value=\"BM\">Bermuda<\/option><option value=\"BT\">Bhutan<\/option><option value=\"BO\">Bolivia<\/option><option value=\"BQ\">Bonaire, Saint Eustatius and Saba<\/option><option value=\"BA\">Bosnia and Herzegovina<\/option><option value=\"BW\">Botswana<\/option><option value=\"BV\">Bouvet Island<\/option><option value=\"BR\">Brazil<\/option><option value=\"IO\">British Indian Ocean Territory<\/option><option value=\"VG\">British Virgin Islands<\/option><option value=\"BN\">Brunei<\/option><option value=\"BG\">Bulgaria<\/option><option value=\"BF\">Burkina Faso<\/option><option value=\"BI\">Burundi<\/option><option value=\"KH\">Cambodia<\/option><option value=\"CM\">Cameroon<\/option><option value=\"CA\">Canada<\/option><option value=\"CV\">Cape Verde<\/option><option value=\"KY\">Cayman Islands<\/option><option value=\"CF\">Central African Republic<\/option><option value=\"TD\">Chad<\/option><option value=\"CL\">Chile<\/option><option value=\"CN\">China<\/option><option value=\"CX\">Christmas Island<\/option><option value=\"CC\">Cocos Islands<\/option><option value=\"CO\">Colombia<\/option><option value=\"KM\">Comoros<\/option><option value=\"CK\">Cook Islands<\/option><option value=\"CR\">Costa Rica<\/option><option value=\"HR\">Croatia<\/option><option value=\"CU\">Cuba<\/option><option value=\"CW\">Curacao<\/option><option value=\"CY\">Cyprus<\/option><option value=\"CZ\">Czech Republic<\/option><option value=\"CD\">Democratic Republic of the Congo<\/option><option value=\"DK\">Denmark<\/option><option value=\"DJ\">Djibouti<\/option><option value=\"DM\">Dominica<\/option><option value=\"DO\">Dominican Republic<\/option><option value=\"TL\">East Timor<\/option><option value=\"EC\">Ecuador<\/option><option value=\"EG\">Egypt<\/option><option value=\"SV\">El Salvador<\/option><option value=\"GQ\">Equatorial Guinea<\/option><option value=\"ER\">Eritrea<\/option><option value=\"EE\">Estonia<\/option><option value=\"ET\">Ethiopia<\/option><option value=\"FK\">Falkland Islands<\/option><option value=\"FO\">Faroe Islands<\/option><option value=\"FJ\">Fiji<\/option><option value=\"FI\">Finland<\/option><option value=\"FR\">France<\/option><option value=\"GF\">French Guiana<\/option><option value=\"PF\">French Polynesia<\/option><option value=\"TF\">French Southern Territories<\/option><option value=\"GA\">Gabon<\/option><option value=\"GM\">Gambia<\/option><option value=\"GE\">Georgia<\/option><option value=\"DE\">Germany<\/option><option value=\"GH\">Ghana<\/option><option value=\"GI\">Gibraltar<\/option><option value=\"GR\">Greece<\/option><option value=\"GL\">Greenland<\/option><option value=\"GD\">Grenada<\/option><option value=\"GP\">Guadeloupe<\/option><option value=\"GU\">Guam<\/option><option value=\"GT\">Guatemala<\/option><option value=\"GG\">Guernsey<\/option><option value=\"GN\">Guinea<\/option><option value=\"GW\">Guinea-Bissau<\/option><option value=\"GY\">Guyana<\/option><option value=\"HT\">Haiti<\/option><option value=\"HM\">Heard Island and McDonald Islands<\/option><option value=\"HN\">Honduras<\/option><option value=\"HK\">Hong Kong<\/option><option value=\"HU\">Hungary<\/option><option value=\"IS\">Iceland<\/option><option value=\"IN\">India<\/option><option value=\"ID\">Indonesia<\/option><option value=\"IR\">Iran<\/option><option value=\"IQ\">Iraq<\/option><option value=\"IE\">Ireland<\/option><option value=\"IM\">Isle of Man<\/option><option value=\"IL\">Israel<\/option><option value=\"IT\">Italy<\/option><option value=\"CI\">Ivory Coast<\/option><option value=\"JM\">Jamaica<\/option><option value=\"JP\">Japan<\/option><option value=\"JE\">Jersey<\/option><option value=\"JO\">Jordan<\/option><option value=\"KZ\">Kazakhstan<\/option><option value=\"KE\">Kenya<\/option><option value=\"KI\">Kiribati<\/option><option value=\"XK\">Kosovo<\/option><option value=\"KW\">Kuwait<\/option><option value=\"KG\">Kyrgyzstan<\/option><option value=\"LA\">Laos<\/option><option value=\"LV\">Latvia<\/option><option value=\"LB\">Lebanon<\/option><option value=\"LS\">Lesotho<\/option><option value=\"LR\">Liberia<\/option><option value=\"LY\">Libya<\/option><option value=\"LI\">Liechtenstein<\/option><option value=\"LT\">Lithuania<\/option><option value=\"LU\">Luxembourg<\/option><option value=\"MO\">Macao<\/option><option value=\"MK\">Macedonia<\/option><option value=\"MG\">Madagascar<\/option><option value=\"MW\">Malawi<\/option><option value=\"MY\">Malaysia<\/option><option value=\"MV\">Maldives<\/option><option value=\"ML\">Mali<\/option><option value=\"MT\">Malta<\/option><option value=\"MH\">Marshall Islands<\/option><option value=\"MQ\">Martinique<\/option><option value=\"MR\">Mauritania<\/option><option value=\"MU\">Mauritius<\/option><option value=\"YT\">Mayotte<\/option><option value=\"MX\">Mexico<\/option><option value=\"FM\">Micronesia<\/option><option value=\"MD\">Moldova<\/option><option value=\"MC\">Monaco<\/option><option value=\"MN\">Mongolia<\/option><option value=\"ME\">Montenegro<\/option><option value=\"MS\">Montserrat<\/option><option value=\"MA\">Morocco<\/option><option value=\"MZ\">Mozambique<\/option><option value=\"MM\">Myanmar<\/option><option value=\"NA\">Namibia<\/option><option value=\"NR\">Nauru<\/option><option value=\"NP\">Nepal<\/option><option value=\"NL\">Netherlands<\/option><option value=\"NC\">New Caledonia<\/option><option value=\"NZ\">New Zealand<\/option><option value=\"NI\">Nicaragua<\/option><option value=\"NE\">Niger<\/option><option value=\"NG\">Nigeria<\/option><option value=\"NU\">Niue<\/option><option value=\"NF\">Norfolk Island<\/option><option value=\"KP\">North Korea<\/option><option value=\"MP\">Northern Mariana Islands<\/option><option value=\"NO\">Norway<\/option><option value=\"OM\">Oman<\/option><option value=\"PK\">Pakistan<\/option><option value=\"PW\">Palau<\/option><option value=\"PS\">Palestinian Territory<\/option><option value=\"PA\">Panama<\/option><option value=\"PG\">Papua New Guinea<\/option><option value=\"PY\">Paraguay<\/option><option value=\"PE\">Peru<\/option><option value=\"PH\">Philippines<\/option><option value=\"PN\">Pitcairn<\/option><option value=\"PL\">Poland<\/option><option value=\"PT\">Portugal<\/option><option value=\"PR\">Puerto Rico<\/option><option value=\"QA\">Qatar<\/option><option value=\"CG\">Republic of the Congo<\/option><option value=\"RE\">Reunion<\/option><option value=\"RO\">Romania<\/option><option value=\"RU\">Russia<\/option><option value=\"RW\">Rwanda<\/option><option value=\"BL\">Saint Barthelemy<\/option><option value=\"SH\">Saint Helena<\/option><option value=\"KN\">Saint Kitts and Nevis<\/option><option value=\"LC\">Saint Lucia<\/option><option value=\"MF\">Saint Martin<\/option><option value=\"PM\">Saint Pierre and Miquelon<\/option><option value=\"VC\">Saint Vincent and the Grenadines<\/option><option value=\"WS\">Samoa<\/option><option value=\"SM\">San Marino<\/option><option value=\"ST\">Sao Tome and Principe<\/option><option value=\"SA\">Saudi Arabia<\/option><option value=\"SN\">Senegal<\/option><option value=\"RS\">Serbia<\/option><option value=\"SC\">Seychelles<\/option><option value=\"SL\">Sierra Leone<\/option><option value=\"SG\">Singapore<\/option><option value=\"SX\">Sint Maarten<\/option><option value=\"SK\">Slovakia<\/option><option value=\"SI\">Slovenia<\/option><option value=\"SB\">Solomon Islands<\/option><option value=\"SO\">Somalia<\/option><option value=\"ZA\">South Africa<\/option><option value=\"GS\">South Georgia and the South Sandwich Islands<\/option><option value=\"KR\">South Korea<\/option><option value=\"SS\">South Sudan<\/option><option value=\"ES\">Spain<\/option><option value=\"LK\">Sri Lanka<\/option><option value=\"SD\">Sudan<\/option><option value=\"SR\">Suriname<\/option><option value=\"SJ\">Svalbard and Jan Mayen<\/option><option value=\"SZ\">Swaziland<\/option><option value=\"SE\">Sweden<\/option><option value=\"CH\">Switzerland<\/option><option value=\"SY\">Syria<\/option><option value=\"TW\">Taiwan<\/option><option value=\"TJ\">Tajikistan<\/option><option value=\"TZ\">Tanzania<\/option><option value=\"TH\">Thailand<\/option><option value=\"TG\">Togo<\/option><option value=\"TK\">Tokelau<\/option><option value=\"TO\">Tonga<\/option><option value=\"TT\">Trinidad and Tobago<\/option><option value=\"TN\">Tunisia<\/option><option value=\"TR\">Turkey<\/option><option value=\"TM\">Turkmenistan<\/option><option value=\"TC\">Turks and Caicos Islands<\/option><option value=\"TV\">Tuvalu<\/option><option value=\"VI\">U.S. Virgin Islands<\/option><option value=\"UG\">Uganda<\/option><option value=\"UA\">Ukraine<\/option><option value=\"AE\">United Arab Emirates<\/option><option value=\"GB\">United Kingdom<\/option><option value=\"US\">United States<\/option><option value=\"UM\">United States Minor Outlying Islands<\/option><option value=\"UY\">Uruguay<\/option><option value=\"UZ\">Uzbekistan<\/option><option value=\"VU\">Vanuatu<\/option><option value=\"VA\">Vatican<\/option><option value=\"VE\">Venezuela<\/option><option value=\"VN\">Vietnam<\/option><option value=\"WF\">Wallis and Futuna<\/option><option value=\"EH\">Western Sahara<\/option><option value=\"YE\">Yemen<\/option><option value=\"ZM\">Zambia<\/option><option value=\"ZW\">Zimbabwe<\/option>\n\t\t\t\t<\/select><\/li><li class=\"wppb-form-field wppb-input wppb-form-text-field label-outside\" id=\"wppb-form-element-25\">\n\t\t\t\t<label for=\"custom_field_12\">Ville<\/label>\n\t\t\t\t<input class=\"extra_field_input\" name=\"custom_field_12\" maxlength=\"250\" type=\"text\" id=\"custom_field_12\" value=\"\" \/><\/li><li class=\"wppb-form-field wppb-radio\" id=\"wppb-form-element-26\">\n\t\t\t\t<label for=\"custom_field_13\">\u00c2ge<span class=\"wppb-required\" title=\"This field is required\">*<\/span><\/label><ul class=\"wppb-radios\"><li><input value=\"18 \u2013 25 years\" class=\"custom_field_radio\" id=\"18-\u2013-25-years_26\" name=\"custom_field_13\" type=\"radio\"   checked \/><label for=\"18-\u2013-25-years_26\" class=\"wppb-rc-value\">18 \u2013 25 ans<\/label><\/li><li><input value=\"25 \u2013 35 years\" class=\"custom_field_radio\" id=\"25-\u2013-35-years_26\" name=\"custom_field_13\" type=\"radio\"   \/><label for=\"25-\u2013-35-years_26\" class=\"wppb-rc-value\">25 \u2013 35 ans<\/label><\/li><li><input value=\"36 \u2013 45 years\" class=\"custom_field_radio\" id=\"36-\u2013-45-years_26\" name=\"custom_field_13\" type=\"radio\"   \/><label for=\"36-\u2013-45-years_26\" class=\"wppb-rc-value\">36 \u2013 45 ans<\/label><\/li><li><input value=\"Over 45 years\" class=\"custom_field_radio\" id=\"over-45-years_26\" name=\"custom_field_13\" type=\"radio\"   \/><label for=\"over-45-years_26\" class=\"wppb-rc-value\">Plus de 45 ans<\/label><\/li><\/ul><\/li><li class=\"wppb-form-field wppb-input wppb-form-text-field label-outside\" id=\"wppb-form-element-27\">\n\t\t\t\t<label for=\"custom_field_14\">Niveau d'\u00e9tudes<span class=\"wppb-required\" title=\"This field is required\">*<\/span><\/label>\n\t\t\t\t<input class=\"extra_field_input\" name=\"custom_field_14\" maxlength=\"250\" type=\"text\" id=\"custom_field_14\" value=\"\" \/><\/li><li class=\"wppb-form-field wppb-input wppb-form-text-field label-outside\" id=\"wppb-form-element-28\">\n\t\t\t\t<label for=\"custom_field_15\">Sp\u00e9cialit\u00e9<\/label>\n\t\t\t\t<input class=\"extra_field_input\" name=\"custom_field_15\" maxlength=\"250\" type=\"text\" id=\"custom_field_15\" value=\"\" \/><\/li><li class=\"wppb-form-field wppb-input wppb-form-text-field label-outside\" id=\"wppb-form-element-29\">\n\t\t\t\t<label for=\"custom_field_16\">Autres Formations<\/label>\n\t\t\t\t<input class=\"extra_field_input\" name=\"custom_field_16\" maxlength=\"250\" type=\"text\" id=\"custom_field_16\" value=\"\" \/><\/li><li class=\"wppb-form-field wppb-number wppb-form-text-field label-outside\" id=\"wppb-form-element-30\">\n\t\t\t\t<label for=\"custom_field_17\">Nombre d\u2019ann\u00e9es d\u2019exp\u00e9rience de travail<\/label>\n\t\t\t\t<input class=\"extra_field_number\" name=\"custom_field_17\" maxlength=\"70\" step=\"any\" type=\"number\" min=\"\" max=\"100\" id=\"custom_field_17\" value=\"\" \/><\/li><li class=\"wppb-form-field wppb-radio\" id=\"wppb-form-element-24\">\n\t\t\t\t<label for=\"custom_field_11\">Marital status<\/label><ul class=\"wppb-radios\"><li><input value=\"Married\" class=\"custom_field_radio\" id=\"married_24\" name=\"custom_field_11\" type=\"radio\"   \/><label for=\"married_24\" class=\"wppb-rc-value\">Mari\u00e9<\/label><\/li><li><input value=\"Single\" class=\"custom_field_radio\" id=\"single_24\" name=\"custom_field_11\" type=\"radio\"   \/><label for=\"single_24\" class=\"wppb-rc-value\">C\u00e9libataire<\/label><\/li><\/ul><\/li><li class=\"wppb-form-field wppb-number wppb-form-text-field label-outside\" id=\"wppb-form-element-23\">\n\t\t\t\t<label for=\"custom_field_10\">Nombre D'enfants<\/label>\n\t\t\t\t<input class=\"extra_field_number\" name=\"custom_field_10\" maxlength=\"70\" step=\"any\" type=\"number\" min=\"0\" max=\"20\" id=\"custom_field_10\" value=\"\" \/><\/li><li class=\"wppb-form-field wppb-radio\" id=\"wppb-form-element-31\">\n\t\t\t\t<label for=\"custom_field_18\">Type de proc\u00e9dure<span class=\"wppb-required\" title=\"This field is required\">*<\/span><\/label><ul class=\"wppb-radios\"><li><input value=\"Study Permit\" class=\"custom_field_radio\" id=\"study-permit_31\" name=\"custom_field_18\" type=\"radio\"   \/><label for=\"study-permit_31\" class=\"wppb-rc-value\">Permit d\u2019\u00c9tude<\/label><\/li><li><input value=\"Work Permit\" class=\"custom_field_radio\" id=\"work-permit_31\" name=\"custom_field_18\" type=\"radio\"   \/><label for=\"work-permit_31\" class=\"wppb-rc-value\">Permit de travail<\/label><\/li><li><input value=\"Permanent Residence Visa\" class=\"custom_field_radio\" id=\"permanent-residence-visa_31\" name=\"custom_field_18\" type=\"radio\"   \/><label for=\"permanent-residence-visa_31\" class=\"wppb-rc-value\">Visa de r\u00e9sidence permanente<\/label><\/li><\/ul><\/li><li class=\"wppb-form-field wppb-radio\" id=\"wppb-form-element-32\">\n\t\t\t\t<label for=\"custom_field_19\">As-tu d\u00e9j\u00e0 obtenu le r\u00e9sultat de ton test de langue?<span class=\"wppb-required\" title=\"This field is required\">*<\/span><\/label><ul class=\"wppb-radios\"><li><input value=\"Yes\" class=\"custom_field_radio\" id=\"yes_32\" name=\"custom_field_19\" type=\"radio\"   \/><label for=\"yes_32\" class=\"wppb-rc-value\">Oui<\/label><\/li><li><input value=\"No\" class=\"custom_field_radio\" id=\"no_32\" name=\"custom_field_19\" type=\"radio\"   \/><label for=\"no_32\" class=\"wppb-rc-value\">Non<\/label><\/li><\/ul><\/li><li class=\"wppb-form-field wppb-default-e-mail wppb-form-text-field label-outside\" id=\"wppb-form-element-8\">\n\t\t\t<label for=\"email\">Adresse Mail<span class=\"wppb-required\" title=\"This field is required\">*<\/span><\/label>\n\t\t\t<input class=\"text-input default_field_email\" name=\"email\" maxlength=\"70\" type=\"email\" id=\"email\" value=\"\"   \/><\/li><\/ul><ul><\/ul>\t\t\t<p class=\"form-submit\"  >\n\t\t\t\t                \t\t\t\t<input name=\"register\" type=\"submit\" id=\"register\" class=\"submit button\" value=\"S&#039;enregistrer\" \/>\n                <input name=\"redirect_to\" type=\"hidden\" value=\"\" \/>\n                \t\t\t\t<input name=\"action\" type=\"hidden\" id=\"action\" value=\"register\" \/>\n\t\t\t\t<input name=\"form_name\" type=\"hidden\" id=\"form_name\" value=\"unspecified\" \/>\n\t\t\t\t<input name=\"form_id\" type=\"hidden\" id=\"form_id\" value=\"\" \/>\n\t\t\t\t<input type=\"hidden\" name=\"wppb_referer_url\" value=\"\"\/>\t\t\t<\/p><!-- .form-submit -->\n\t\t\t<input type=\"hidden\" id=\"register_unspecified_nonce_field\" name=\"register_unspecified_nonce_field\" value=\"e2cdadc9c1\" \/><input type=\"hidden\" name=\"_wp_http_referer\" value=\"\/fr\/wp-json\/wp\/v2\/pages\/17377\" \/>\t\t<input type=\"hidden\" name=\"trp-form-language\" value=\"fr\"\/><\/form>\n\t\t<\/div>\t\t\t\t\t\t<\/div>\n\t\t\t\t<\/div>\n\t\t\t\t\t<\/div>\n\t\t\t\t<\/div>\n\t\t\t\t<\/div>","protected":false},"excerpt":{"rendered":"","protected":false},"author":1,"featured_media":0,"parent":0,"menu_order":23,"comment_status":"closed","ping_status":"closed","template":"elementor_header_footer","meta":{"inline_featured_image":false,"footnotes":""},"class_list":["post-17377","page","type-page","status-publish","hentry"],"_links":{"self":[{"href":"https:\/\/fondationbe.com\/fr\/wp-json\/wp\/v2\/pages\/17377","targetHints":{"allow":["GET"]}}],"collection":[{"href":"https:\/\/fondationbe.com\/fr\/wp-json\/wp\/v2\/pages"}],"about":[{"href":"https:\/\/fondationbe.com\/fr\/wp-json\/wp\/v2\/types\/page"}],"author":[{"embeddable":true,"href":"https:\/\/fondationbe.com\/fr\/wp-json\/wp\/v2\/users\/1"}],"replies":[{"embeddable":true,"href":"https:\/\/fondationbe.com\/fr\/wp-json\/wp\/v2\/comments?post=17377"}],"version-history":[{"count":7,"href":"https:\/\/fondationbe.com\/fr\/wp-json\/wp\/v2\/pages\/17377\/revisions"}],"predecessor-version":[{"id":17390,"href":"https:\/\/fondationbe.com\/fr\/wp-json\/wp\/v2\/pages\/17377\/revisions\/17390"}],"wp:attachment":[{"href":"https:\/\/fondationbe.com\/fr\/wp-json\/wp\/v2\/media?parent=17377"}],"curies":[{"name":"wp","href":"https:\/\/api.w.org\/{rel}","templated":true}]}}