{"id":15185,"date":"2023-10-05T09:35:07","date_gmt":"2023-10-05T09:35:07","guid":{"rendered":"https:\/\/fondationbe.com\/?page_id=15185"},"modified":"2024-08-02T19:24:43","modified_gmt":"2024-08-02T19:24:43","slug":"donation-elements","status":"publish","type":"page","link":"https:\/\/fondationbe.com\/fr\/donation-elements\/","title":{"rendered":"DONS"},"content":{"rendered":"<div data-elementor-type=\"wp-page\" data-elementor-id=\"15185\" class=\"elementor elementor-15185\" data-elementor-post-type=\"page\">\n\t\t\t\t\t\t<section class=\"elementor-section elementor-top-section elementor-element elementor-element-8d06662 elementor-section-boxed elementor-section-height-default elementor-section-height-default\" data-id=\"8d06662\" data-element_type=\"section\">\n\t\t\t\t\t\t<div class=\"elementor-container elementor-column-gap-default\">\n\t\t\t\t\t<div class=\"elementor-column elementor-col-100 elementor-top-column elementor-element elementor-element-1fcf2d0\" data-id=\"1fcf2d0\" data-element_type=\"column\">\n\t\t\t<div class=\"elementor-widget-wrap elementor-element-populated\">\n\t\t\t\t\t\t<div class=\"elementor-element elementor-element-39c7a12 elementor-widget elementor-widget-gimont_elementor_heading\" data-id=\"39c7a12\" data-element_type=\"widget\" data-widget_type=\"gimont_elementor_heading.default\">\n\t\t\t\t<div class=\"elementor-widget-container\">\n\t\t\t\n\t\t\t<div class=\"ova-heading template_1\">\n\t\t\t\t\t\t\t\t\n\t\t\t\t\t\t\t\t\t\t\t\t\t\t\t<h2 class=\"title\">VOS DONS FERONT UNE GRANDE DIFF\u00c9RENCE<\/h2>\n\t\t\t\t\t\t\t\t\t\t\n\t\t\t\t\t\t\t\t\n\t\t\t\t\t\t\t\t\t<p class=\"desc\">La Fondation Bien-\u00catre Pour Tous se d\u00e9die chaque jour pour accueillir, \u00e9tablir et int\u00e9grer les nouveaux arrivants au Canada. Notre mission est de leur offrir un soutien essentiel pour qu'ils puissent s'adapter et s'int\u00e9grer dans leur nouvelle communaut\u00e9 au Canada. Cependant, pour poursuivre notre action et aider un nombre croissant de personnes, nous avons besoin de votre g\u00e9n\u00e9rosit\u00e9.\nVos dons nous permettront d'am\u00e9liorer nos services d'accueil, d'accompagnement et de formation, de fournir des ressources essentielles et de cr\u00e9er des programmes sur mesure pour r\u00e9pondre aux besoins divers de nos b\u00e9n\u00e9ficiaires (refugi\u00e9s et nouveaux arrivants). Chaque contribution est essentielle et fait une grande diff\u00e9rence dans la vie de ceux que nous soutenons.\nEnsemble, nous pouvons b\u00e2tir une communaut\u00e9 plus forte, inclusive et solidaire. Merci pour votre soutien et votre g\u00e9n\u00e9rosit\u00e9 envers la mission de la Fondation Bien-\u00catre Pour Tous.\"\n<\/p>\n\t\t\t\t\n\t\t\t<\/div>\n\n\t\t\t\t<\/div>\n\t\t\t\t<\/div>\n\t\t\t\t<div class=\"elementor-element elementor-element-e1dadee elementor-widget elementor-widget-gimont_elementor_heading\" data-id=\"e1dadee\" data-element_type=\"widget\" data-widget_type=\"gimont_elementor_heading.default\">\n\t\t\t\t<div class=\"elementor-widget-container\">\n\t\t\t\n\t\t\t<div class=\"ova-heading template_1\">\n\t\t\t\t\t\t\t\t\n\t\t\t\t\t\t\t\t\t\t\t\t\t\t\t<h2 class=\"title\">COMMENT CONTRIBUER?<\/h2>\n\t\t\t\t\t\t\t\t\t\t\n\t\t\t\t\t\t\t\t\n\t\t\t\t\t\t\t\t\t<p class=\"desc\">En tant qu\u2019organisme de charit\u00e9 reconnu au Canada, la Fondation Bien-\u00catre Pour Tous est d\u00e9clar\u00e9e sous le Num\u00e9ro d\u2019enregistrement : 76527 9401 RR0001. Pour chaque don vers\u00e9 \u00e0 la Fondation, vous b\u00e9n\u00e9ficier d\u2019une r\u00e9duction d\u2019imp\u00f4t. Les re\u00e7us officiels pour les dons en ligne sont remis \u00e0 la date du jour o\u00f9 vous avez fait votre don. Certains donateurs pr\u00e9f\u00e8rent effectuer des dons pr\u00e9autoris\u00e9s mensuellement plut\u00f4t que de verser un don annuel \u00e0 la Fondation. Un re\u00e7u d\u2019imp\u00f4t officiel cumulatif est remis en janvier pour les dons mensuels effectu\u00e9s au cours de l\u2019ann\u00e9e financi\u00e8re pr\u00e9c\u00e9dente.<\/p>\n\t\t\t\t\n\t\t\t<\/div>\n\n\t\t\t\t<\/div>\n\t\t\t\t<\/div>\n\t\t\t\t\t<\/div>\n\t\t<\/div>\n\t\t\t\t\t<\/div>\n\t\t<\/section>\n\t\t<div class=\"elementor-element elementor-element-99651d4 e-flex e-con-boxed e-con e-parent\" data-id=\"99651d4\" data-element_type=\"container\">\n\t\t\t\t\t<div class=\"e-con-inner\">\n\t\t<div class=\"elementor-element elementor-element-d629552 e-con-full e-flex e-con e-child\" data-id=\"d629552\" data-element_type=\"container\">\n\t\t\t\t<div class=\"elementor-element elementor-element-d998d12 elementor-view-framed elementor-shape-square elementor-position-top elementor-mobile-position-top elementor-widget elementor-widget-icon-box\" data-id=\"d998d12\" data-element_type=\"widget\" data-widget_type=\"icon-box.default\">\n\t\t\t\t<div class=\"elementor-widget-container\">\n\t\t\t<link rel=\"stylesheet\" href=\"https:\/\/fondationbe.com\/wp-content\/plugins\/elementor\/assets\/css\/widget-icon-box.min.css\">\t\t<div class=\"elementor-icon-box-wrapper\">\n\n\t\t\t\t\t\t<div class=\"elementor-icon-box-icon\">\n\t\t\t\t<a href=\"https:\/\/www.paypal.com\/ca\/fundraiser\/charity\/4770931\" class=\"elementor-icon elementor-animation-\" tabindex=\"-1\">\n\t\t\t\t<svg xmlns=\"http:\/\/www.w3.org\/2000\/svg\" xmlns:xlink=\"http:\/\/www.w3.org\/1999\/xlink\" id=\"b_xA0_Image_1_\" x=\"0px\" y=\"0px\" width=\"300px\" height=\"300px\" viewbox=\"0 0 300 300\" xml:space=\"preserve\"><g>\t<g>\t\t<path fill-rule=\"evenodd\" clip-rule=\"evenodd\" fill=\"#FDFEFE\" d=\"M193,1c34.834,0,69.667,0.047,104.5-0.084    c2.983-0.012,3.584,0.602,3.582,3.584c-0.1,97.667-0.1,195.333,0,293c0.002,2.981-0.6,3.59-3.582,3.583    C245.334,300.968,193.166,301,141,301c4.505-3.688,6.139-8.617,7.013-14.25c2.754-17.739,5.803-35.435,8.904-53.119    c1.943-11.087,9.978-17.646,21.313-17.771c2.33-0.026,4.662,0.018,6.992-0.017c27.377-0.402,50.742-10.079,68.838-30.861    c17.662-20.284,25.175-43.987,20.906-70.745c-2.369-14.844-11.121-26.075-22.794-35.159c-0.048-0.355-0.097-0.709-0.145-1.062    c0.226-0.794,0.556-1.574,0.66-2.384c4.764-36.659-21.758-69.713-58.72-73.204c-0.34-0.025-0.68-0.051-1.02-0.077l0.072-0.411    C193.012,1.626,193.004,1.313,193,1z\"><\/path>\t\t<path fill-rule=\"evenodd\" clip-rule=\"evenodd\" fill=\"#0184CB\" d=\"M252.174,79.08c11.672,9.081,20.424,20.313,22.793,35.156    c4.269,26.758-3.244,50.461-20.906,70.745c-18.096,20.782-41.461,30.459-68.838,30.861c-2.33,0.034-4.662-0.01-6.992,0.017    c-11.336,0.126-19.37,6.685-21.313,17.771c-3.101,17.685-6.149,35.38-8.904,53.119c-0.875,5.633-2.508,10.563-7.013,14.25    c-15.667,0-31.333,0-47,0c-6.184-4.547-6.914-10.63-5.597-17.717c1.236-6.658,3.241-13.27,2.586-20.188    c4.419-13.401,5.335-27.483,7.996-41.226c2.886-14.908,4.395-30.064,8.061-44.833c4.168-6.038,10.02-8.195,17.205-8.026    c9.477,0.224,18.965,0.149,28.445,0c22.5-0.354,42.829-7.314,60.527-21.163C235.589,130.345,248.813,107.453,252.174,79.08z\"><\/path>\t\t<path fill-rule=\"evenodd\" clip-rule=\"evenodd\" fill=\"#FDFDFD\" d=\"M90.989,263.096c0.655,6.918-1.35,13.529-2.586,20.188    C87.086,290.37,87.816,296.453,94,301c-31,0-62,0-93,0C1,202.333,1.023,103.667,0.904,5C0.9,1.576,1.575,0.896,5,0.903    C67.667,1.036,130.333,1,193,1c0.004,0.313,0.012,0.626,0.021,0.939c-0.682,0.12-1.362,0.239-2.043,0.359    c-0.989-0.103-1.979-0.295-2.967-0.296c-35.792-0.018-71.584-0.02-107.376-0.01c-1.138,0-2.353-0.239-3.328,0.654    c-7.49,1.278-10.496,5.131-12.178,15.198c-7.506,44.922-15.039,89.839-22.593,134.753c-5.376,31.966-10.813,63.922-16.201,95.886    c-2.03,12.047,3.687,18.94,15.863,19.064c8.487,0.086,16.975,0.016,25.463,0.021C75.725,267.574,83.958,268.472,90.989,263.096z\"><\/path>\t\t<path fill-rule=\"evenodd\" clip-rule=\"evenodd\" fill=\"#012987\" d=\"M190.979,2.299c0.681-0.12,1.361-0.239,2.043-0.359l-0.072,0.411    c0.309,0.441,0.644,0.529,1.02,0.077c36.962,3.491,63.483,36.545,58.72,73.204c-0.104,0.81-0.435,1.59-0.66,2.383    c-1.583,0.128-2.792-0.603-4.115-1.42c-8.21-5.069-17.386-7.381-26.842-7.486c-26.796-0.301-53.599-0.166-80.397-0.071    c-8.76,0.031-15.501,5.315-17.774,13.804c-2.517,9.399-3.4,19.106-5.038,28.673c-3.121,18.225-6.696,36.374-9.507,54.644    c-0.545,3.545-2.632,7.071-1.31,10.879c-3.666,14.769-5.174,29.925-8.061,44.833c-2.661,13.742-3.577,27.824-7.996,41.226    c-7.031,5.377-15.264,4.479-23.328,4.475c-8.488-0.005-16.976,0.065-25.463-0.021c-12.176-0.124-17.893-7.018-15.863-19.064    c5.388-31.964,10.825-63.92,16.201-95.886c7.554-44.914,15.087-89.831,22.593-134.753c1.682-10.067,4.688-13.92,12.179-15.197    c1.324,0.116,2.647,0.33,3.97,0.33c35.293,0.02,70.587,0.019,105.88,0.009C188.463,2.986,189.845,3.297,190.979,2.299z\"><\/path>\t\t<path fill-rule=\"evenodd\" clip-rule=\"evenodd\" fill=\"#00186A\" d=\"M107.045,177.036c-1.322-3.808,0.764-7.334,1.31-10.879    c2.811-18.27,6.386-36.419,9.507-54.644c1.638-9.566,2.521-19.273,5.038-28.673c2.273-8.488,9.014-13.772,17.774-13.804    c26.799-0.095,53.602-0.229,80.397,0.071c9.456,0.105,18.632,2.417,26.842,7.486c1.323,0.817,2.532,1.548,4.115,1.42    c0.048,0.354,0.097,0.707,0.145,1.063c-3.36,28.376-16.584,51.268-38.95,68.77c-17.698,13.849-38.027,20.809-60.527,21.163    c-9.48,0.149-18.968,0.224-28.445,0C117.065,168.841,111.213,170.998,107.045,177.036z\"><\/path>\t\t<path fill-rule=\"evenodd\" clip-rule=\"evenodd\" fill=\"#1E358E\" d=\"M193.969,2.428c-0.376,0.452-0.711,0.364-1.02-0.077    C193.289,2.377,193.629,2.402,193.969,2.428z\"><\/path>\t\t<path fill-rule=\"evenodd\" clip-rule=\"evenodd\" fill=\"#1E358E\" d=\"M190.979,2.299c-1.134,0.998-2.516,0.688-3.82,0.688    c-35.293,0.01-70.586,0.011-105.88-0.009c-1.323,0-2.646-0.214-3.97-0.33c0.974-0.895,2.189-0.655,3.327-0.655    c35.792-0.01,71.584-0.008,107.376,0.01C189,2.004,189.989,2.196,190.979,2.299z\"><\/path>\t<\/g><\/g><\/svg>\t\t\t\t<\/a>\n\t\t\t<\/div>\n\t\t\t\n\t\t\t\t\t\t<div class=\"elementor-icon-box-content\">\n\n\t\t\t\t\t\t\t\t\t<h3 class=\"elementor-icon-box-title\">\n\t\t\t\t\t\t<a href=\"https:\/\/www.paypal.com\/ca\/fundraiser\/charity\/4770931\" >\n\t\t\t\t\t\t\tEn Ligne\t\t\t\t\t\t<\/a>\n\t\t\t\t\t<\/h3>\n\t\t\t\t\n\t\t\t\t\t\t\t\t\t<p class=\"elementor-icon-box-description\">\n\t\t\t\t\t\tLa fa\u00e7on la plus facile de soutenir la Fondation Bien-\u00catre Pour Tous est de faire votre don en ligne via notre compte PayPal, Visa ou Debit :\n\n\t\t\t\t\t<\/p>\n\t\t\t\t\n\t\t\t<\/div>\n\t\t\t\n\t\t<\/div>\n\t\t\t\t<\/div>\n\t\t\t\t<\/div>\n\t\t\t\t<\/div>\n\t\t<div class=\"elementor-element elementor-element-4ad3540 e-con-full e-flex e-con e-child\" data-id=\"4ad3540\" data-element_type=\"container\">\n\t\t\t\t<div class=\"elementor-element elementor-element-11b2e52 elementor-view-framed elementor-shape-square elementor-position-top elementor-mobile-position-top elementor-widget elementor-widget-icon-box\" data-id=\"11b2e52\" data-element_type=\"widget\" data-widget_type=\"icon-box.default\">\n\t\t\t\t<div class=\"elementor-widget-container\">\n\t\t\t\t\t<div class=\"elementor-icon-box-wrapper\">\n\n\t\t\t\t\t\t<div class=\"elementor-icon-box-icon\">\n\t\t\t\t<span  class=\"elementor-icon elementor-animation-\">\n\t\t\t\t<svg aria-hidden=\"true\" class=\"e-font-icon-svg e-fas-mail-bulk\" viewbox=\"0 0 576 512\" xmlns=\"http:\/\/www.w3.org\/2000\/svg\"><path d=\"M160 448c-25.6 0-51.2-22.4-64-32-64-44.8-83.2-60.8-96-70.4V480c0 17.67 14.33 32 32 32h256c17.67 0 32-14.33 32-32V345.6c-12.8 9.6-32 25.6-96 70.4-12.8 9.6-38.4 32-64 32zm128-192H32c-17.67 0-32 14.33-32 32v16c25.6 19.2 22.4 19.2 115.2 86.4 9.6 6.4 28.8 25.6 44.8 25.6s35.2-19.2 44.8-22.4c92.8-67.2 89.6-67.2 115.2-86.4V288c0-17.67-14.33-32-32-32zm256-96H224c-17.67 0-32 14.33-32 32v32h96c33.21 0 60.59 25.42 63.71 57.82l.29-.22V416h192c17.67 0 32-14.33 32-32V192c0-17.67-14.33-32-32-32zm-32 128h-64v-64h64v64zm-352-96c0-35.29 28.71-64 64-64h224V32c0-17.67-14.33-32-32-32H96C78.33 0 64 14.33 64 32v192h96v-32z\"><\/path><\/svg>\t\t\t\t<\/span>\n\t\t\t<\/div>\n\t\t\t\n\t\t\t\t\t\t<div class=\"elementor-icon-box-content\">\n\n\t\t\t\t\t\t\t\t\t<h3 class=\"elementor-icon-box-title\">\n\t\t\t\t\t\t<span  >\n\t\t\t\t\t\t\tAdresse Mail\t\t\t\t\t\t<\/span>\n\t\t\t\t\t<\/h3>\n\t\t\t\t\n\t\t\t\t\t\t\t\t\t<p class=\"elementor-icon-box-description\">\n\t\t\t\t\t\tVotre don peut aussi \u00eatre envoy\u00e9 par Interac \u00e0 l'adresse de la Fondation Bien-\u00catre Pour Tous ci-dessous\t\t\t\t\t<\/p>\n\t\t\t\t\n\t\t\t<\/div>\n\t\t\t\n\t\t<\/div>\n\t\t\t\t<\/div>\n\t\t\t\t<\/div>\n\t\t\t\t<\/div>\n\t\t<div class=\"elementor-element elementor-element-84522e3 e-con-full e-flex e-con e-child\" data-id=\"84522e3\" data-element_type=\"container\">\n\t\t\t\t<div class=\"elementor-element elementor-element-dad0d4e elementor-view-framed elementor-shape-square elementor-position-top elementor-mobile-position-top elementor-widget elementor-widget-icon-box\" data-id=\"dad0d4e\" data-element_type=\"widget\" data-widget_type=\"icon-box.default\">\n\t\t\t\t<div class=\"elementor-widget-container\">\n\t\t\t\t\t<div class=\"elementor-icon-box-wrapper\">\n\n\t\t\t\t\t\t<div class=\"elementor-icon-box-icon\">\n\t\t\t\t<span  class=\"elementor-icon elementor-animation-\">\n\t\t\t\t<svg aria-hidden=\"true\" class=\"e-font-icon-svg e-fas-money-check-alt\" viewbox=\"0 0 640 512\" xmlns=\"http:\/\/www.w3.org\/2000\/svg\"><path d=\"M608 32H32C14.33 32 0 46.33 0 64v384c0 17.67 14.33 32 32 32h576c17.67 0 32-14.33 32-32V64c0-17.67-14.33-32-32-32zM176 327.88V344c0 4.42-3.58 8-8 8h-16c-4.42 0-8-3.58-8-8v-16.29c-11.29-.58-22.27-4.52-31.37-11.35-3.9-2.93-4.1-8.77-.57-12.14l11.75-11.21c2.77-2.64 6.89-2.76 10.13-.73 3.87 2.42 8.26 3.72 12.82 3.72h28.11c6.5 0 11.8-5.92 11.8-13.19 0-5.95-3.61-11.19-8.77-12.73l-45-13.5c-18.59-5.58-31.58-23.42-31.58-43.39 0-24.52 19.05-44.44 42.67-45.07V152c0-4.42 3.58-8 8-8h16c4.42 0 8 3.58 8 8v16.29c11.29.58 22.27 4.51 31.37 11.35 3.9 2.93 4.1 8.77.57 12.14l-11.75 11.21c-2.77 2.64-6.89 2.76-10.13.73-3.87-2.43-8.26-3.72-12.82-3.72h-28.11c-6.5 0-11.8 5.92-11.8 13.19 0 5.95 3.61 11.19 8.77 12.73l45 13.5c18.59 5.58 31.58 23.42 31.58 43.39 0 24.53-19.05 44.44-42.67 45.07zM416 312c0 4.42-3.58 8-8 8H296c-4.42 0-8-3.58-8-8v-16c0-4.42 3.58-8 8-8h112c4.42 0 8 3.58 8 8v16zm160 0c0 4.42-3.58 8-8 8h-80c-4.42 0-8-3.58-8-8v-16c0-4.42 3.58-8 8-8h80c4.42 0 8 3.58 8 8v16zm0-96c0 4.42-3.58 8-8 8H296c-4.42 0-8-3.58-8-8v-16c0-4.42 3.58-8 8-8h272c4.42 0 8 3.58 8 8v16z\"><\/path><\/svg>\t\t\t\t<\/span>\n\t\t\t<\/div>\n\t\t\t\n\t\t\t\t\t\t<div class=\"elementor-icon-box-content\">\n\n\t\t\t\t\t\t\t\t\t<h3 class=\"elementor-icon-box-title\">\n\t\t\t\t\t\t<span  >\n\t\t\t\t\t\t\tPar ch\u00e8que\t\t\t\t\t\t<\/span>\n\t\t\t\t\t<\/h3>\n\t\t\t\t\n\t\t\t\t\t\t\t\t\t<p class=\"elementor-icon-box-description\">\n\t\t\t\t\t\tSi vous pr\u00e9f\u00e9rez donner un ch\u00e8que, veuillez adresser votre don \u00e0 l\u2019ordre de la Fondation Bien-\u00catre Pour Tous et l\u2019exp\u00e9dier \u00e0 l\u2019adresse suivante :\nFondation Bien-\u00catre Pour Tous \n202 \u2013 633 Center St\nK1K 2N8, Ottawa, ON\nCanada \n\t\t\t\t\t<\/p>\n\t\t\t\t\n\t\t\t<\/div>\n\t\t\t\n\t\t<\/div>\n\t\t\t\t<\/div>\n\t\t\t\t<\/div>\n\t\t\t\t<\/div>\n\t\t<div class=\"elementor-element elementor-element-c9406a0 e-con-full e-flex e-con e-child\" data-id=\"c9406a0\" data-element_type=\"container\">\n\t\t\t\t<div class=\"elementor-element elementor-element-71db5cb elementor-view-framed elementor-shape-square elementor-position-top elementor-mobile-position-top elementor-widget elementor-widget-icon-box\" data-id=\"71db5cb\" data-element_type=\"widget\" data-widget_type=\"icon-box.default\">\n\t\t\t\t<div class=\"elementor-widget-container\">\n\t\t\t\t\t<div class=\"elementor-icon-box-wrapper\">\n\n\t\t\t\t\t\t<div class=\"elementor-icon-box-icon\">\n\t\t\t\t<span  class=\"elementor-icon elementor-animation-\">\n\t\t\t\t<svg xmlns=\"http:\/\/www.w3.org\/2000\/svg\" xmlns:xlink=\"http:\/\/www.w3.org\/1999\/xlink\" id=\"d_xA0_Image_1_\" x=\"0px\" y=\"0px\" width=\"300px\" height=\"300px\" viewbox=\"0 0 300 300\" xml:space=\"preserve\"><image width=\"300\" height=\"300\" id=\"d_xA0_Image\" xlink:href=\"data:image\/jpeg;base64,\/9j\/4AAQSkZJRgABAgEASABIAAD\/7AARRHVja3kAAQAEAAAAHgAA\/+4AIUFkb2JlAGTAAAAAAQMA EAMCAwYAAAWUAAAJ1QAAFLr\/2wCEABALCwsMCxAMDBAXDw0PFxsUEBAUGx8XFxcXFx8eFxoaGhoX Hh4jJSclIx4vLzMzLy9AQEBAQEBAQEBAQEBAQEABEQ8PERMRFRISFRQRFBEUGhQWFhQaJhoaHBoa JjAjHh4eHiMwKy4nJycuKzU1MDA1NUBAP0BAQEBAQEBAQEBAQP\/CABEIASwBLAMBIgACEQEDEQH\/ xADUAAEAAgMBAQEAAAAAAAAAAAAAAQYCBQcEAwgBAQEAAwEBAAAAAAAAAAAAAAAFAQIGBAMQAAAF AgIIBQQDAQAAAAAAAAECAwQFAAYQIDASMiNDFRYHUBETNTZAYDEUMzQXIREAAQIDAQkKCwYFAwUA AAAAAQIDABEEMSAhQVFhcaESExCBscEiMkJikgUwUJFSstIjM3MUdEDhgpMVNXKiQ7Mk8NFTY4Oj RGQSAAEBBAkEAwEAAAAAAAAAAAECABEhAxAwMUFxkRJCclGBsaIgYGEi\/9oADAMBAAIRAxEAAADo AHm0vLi81bRj7\/GBKBKBKBKBKBKBKBKBKBKBKBn7PALdcuPj9AOW9MPsBXN1xQ82AAAAAAAAAAAA AAAALHXB33OhX0ofO93pAAAAAAAAAAAAAAAAAD09t4TdSofGYAAAAAAAAAAAAAAAAAHs8eRETAAA AAAAAAAAAAAAAAAyxyIiYAAAAAAAAAAAAAAGfst\/l9dL83Q9f8PRS2eFGYyxyIiYAPp0nVdINdOw GvbAa9sBr2wGvjYip8z7xQjnh9GdlYvVlEu6+sXfwb\/OlCxFAe9cfH7X0JFoMKlqNlrb\/Osscvr8 oiYAOg3\/AId2E2AAAAAFTtlUOVery+rXe9DnekfH7fHbFBHRcy964+P2voSLQYNFNXozQpymWORE TAA+nzG2akbadT0g2NmAABVLXVDlXq8vq13vQ53pHx+3x2xQfeuNaM+hItBg0asUZsCnKAZY5ERM AACXSBdwAPNUi7AVS11Q5V6vL6td70Od6RhmPn9DIMGjVijNQU5QADLHIiJgAS6QLuADzORjbU64 nTwKpa6ocq9Xl9Wu96HO9IAA0e61v389Qi3qM2oLf8yqPZ4\/X4wzhljkREwJi\/HsuwAPM5GNIC40 62nUwKpa6gcu9Xl9Gu18HO9KAAAAB56J0OgU5fyFGYyxyIiYHauK9PLiB5nIxpAAeryjuGw4RYTq XJfBrAC5bLnuzm1Leqj4fe1qoLWqgtaqC1qp8s43dQyxpTA+3wZY5ERMD7\/AdB9fMxt9QAAAAAAA AAAAAAADLHIiJgAAAAAAAAAAAAAAAAAZY5DH3eEAAAAAAAAAAAAAAAAAfX5bw2NS7Bx8AAAAAAAA AAAAAAAAAdao3Xxy3qXxOCrHXAAAAAAAAAAAAAAAB9XVD37gAMKLfRwjzd2oBSHt8hiyGLIYshiy GLIYshiyGLIYshiyGLIYvruDRWG82Y1G3AD\/2gAIAQIAAQUA+7nDsiQpyICOjH\/gLulFDNXRynwd uwSARERpuAgjolNiibVO3YJAIiI0zZ+ekU2KJtOnYJAIiI0zZ+elU2KAfIRERGmbPz0ymxi3FEpu YI0D9ARKYpg0Z9jNGmEQ0i8eIm5evXL165evXL16CPWEUECok+9P\/9oACAEDAAEFAPu5szOsCsaI FEPLRgAiKDRNMrtomYmDRoKogAAFOBAVtEn\/ACUfZpo0FUQAACnr3y0if8lH2WjQVRAAAKevfLSp \/wAlCHmAAABT175aZP8AkxcgsYvLl6GOXADFMUdGnt5pMoeekQkQAvMUK5ihXMUK5ihQyKAA4cGW P96f\/9oACAEBAAEFAMXr9nHoync1Ahnt53G8FV68WHWNWsatY1axq1jVrGrWNWsatY1axq1jVrGr WNWsatY1axq1jVrGrWNWsatY1axq1jUVVQtNp2ZaDHdx5psMNekLLjmui72sESSlX8q4+utm+3ca Zs5QdI43fdBIJossqur4BaN1KwblNQiqdSD1CPZSkk4lH\/gXbmfFQtdzJUSJeBx71aPffvtuX3i8 \/cuPwTnI\/wCcPFRWd+Cfsm5Sba8E4ZtrwThm2vBOGba+uTTUUMaNflL+MnDNtfWxcWtILNmjdonU nEN35FUzpKYcM21iggs5Wg+3ke2TLb0EQOQwdchg65DB1yGDrkMHXIYOuQwdchg6Nb8EYJnt9EvU 3zJzHu8IiEO+BKIjUiuYONcFko1aPWyxcWrILIIJNksblSKSSw4ZtrHtlGpqu9J3OjSejSCQrLJp ERTwm2xXEbki4taQWQQSbI5J10VzI4cM21j2uck1NJ3I+O1G+4YvP6eMXFrSKyCCTZHJOTYIhjwz bWMJLuIaRiJuPmW2j7kfHajfcMXn9TCLi1pFZBBFslkm5v0MvDNtZEVlkDhdNxAHVVx11VcdBdNx iNpx06VLN3I+O1G+4YvP6lRcWtIrN26TZLJNzfo5uGbazgAiNmWYDQM\/cj47Ub7hi8\/qRcWtIrN2 6TZLJNzfoV+c3DNtZgARGzLLBnoe5Hx2o33DFVMFU27dJsjkm5v0K\/Ofhm2soAIjZlmAzDI\/ftY5 rbFyOp+58e5Hx2o33DQTc36FfnQcM21kABEbMssGYZH79rHNbluV3PO+2XvmPcj47Ub7hnm5v0K\/ Oh4ZtrEAERsyzAZhkfv2sc1ua5nU+6rtl75j3I+O1G+4ZlCeoTpuLrpuLrpuLrpuLpa12Jyv41xH qZOGbawABEbMswGYZH79rHNbmuZ1PusO2XvmPcj47Ub7hpH7Mj1qICA48M21h27txFUuR+\/axzW5 rmdT7rHtssUk\/j3KVKSCpgcCPdIFODFM4x4ZtrC1iEJbuL9+1jmtzXM6n3WSMkFo1\/DzDKYZ0qqk gneVxBOSGELKEfIaOclCNEMnDNtYdu5pN1GYP37WOa3NczqfdZmMi+jlk+41xkTlLimJfIQ5iGSu OTTDqiRrqiRrqiRrqiRrqiRrqiRrqiRrqiRrqiRpa4ZNUDGMY2Thm2sGjtyycRvc0mo57mxJCT1y SM6t9dwzbXgnDNteCcM214Jw1S6qngnpj+vNthaTHgnLTdH9x48W034J08boi9IUZeG8DsqFGWms L7tk0a88Bbt1nS9tQSUFG4OWyDtC6rRcwav17duu6WtG0UoNLIomRUk\/25IoL6OfRy31kLZU1KjB W1GwSWd\/y\/8AXmP8483PKNbd1u63dbut3W7rd1u63dbut3W7rd1u63dbut3W7rd1u63dbut3Sf63 nG9G61vdE62X\/9oACAECAgY\/APt2kDWrp0xZ0xOkdU3dqx7FyilNyRDNglSipCi6MXP6U6ERWfVn mJNEsKt0CrVxNAxFGhEVn1Z5iTQJkwQtSk+TWK4mgYhtCIrPqzzEmgTJghalJv8A01quJoeGeYk0 CZMELUpN\/wCmuVxPw1TXqdYkCHdrF5NuGIYKSXg3isVxPzWm4OIxNaVSiHHabsG25ttzbbm23No6 R3bSIkxJ6n7r\/9oACAEDAgY\/APt2onQjr1wZ8tWojaq\/uzjVgC9g9IUq9RD8mUpKQlaQ+F9OtcJY 9mcIAUTCmzWatHIeaFYGjWuEsezOEAKDKlGNilDwKxHIeaFYFta4Sx7M4QAoMqUY2KULvwVqOQ80 OLAAOAoMqUY2KULvwVyOQ8\/DTJcH2qJcezbM2f8AycCxSoFJFxrE8h85ary8ZVoTNBeNwi\/Ft2Tb sm3ZNuyaGs9m1GAEEjp91\/\/aAAgBAQEGPwDdNRWvIYaHSWZTyDHvQW+6qbaysfemlO8hN875EHWr FMpPQYk0PKnlaYm8+44calqVwmLTFpi0xaYtMWmLTFpi0xaYtMWmLTFpi0xaYtMWmLTFpi0xaYtM clak5iRANPXPty6IcUU9kkiAmtQ3WN4SRs19pF7+WEthz5aqN7YPSTM9VXNVw5LvYtgP94LE0sz5 KAbFOEcFpg1Fc8XV9EHmpGJCbAPt6aXvIqqqK8A4TN1oZD0hkO9ihFRTrS6y6NZC03wRcBtiSu8K gHYpN8ITYXFDgxnMYW88suOuEqWtRmVE2knxDsXyV93PH2qLS2f+RHGMMJdbUFoWApChfBBvgg7j 1bUGTTCStWMysAyk3oerqk+0eMwm0JT0UDIB4jV3JUqmpALlIT5vTb3rRv7lP3S2qW19u+OqkybG +ZneHiRitYMnGFhacsrQc4vR+pa3+NsfmNbqauvwRWrBmltexTmaGodIPiXYa3tdt8nl1dbbeheh 902uOLUfxKJ8S\/KdD5jayy6mpBz+Jd\/ig5\/Eu\/xQc\/iXf4oOf7fqtpK1YkiZ0RrKpnQnGUK\/2iRu N\/ig5\/t0hyGUe8cxZBlgN06AhOE9I5SdwkAN1HQdGE4lY4U24NVaCUqGUbu\/xQc9whhhBcedUEoQ m0qNghDve3+VUm+WgSGkZL0irfvZI1U93U0vhI9WP2+m\/JR6sft9N+Sj1Y\/b6b8lHqx+3035KPVj 9vpvyUerH7fTfko9WP2+m\/JR6sft9N+Sj1Yke7qaXwUerCl93pFDU2p1ZlonEpGD8Pkhyjq0bN9k 6q08BGQi+N3bPEt0wMgRzlkebASmnQZYVjXPlVEtkGlYFN8nRZGzc5SFX21ixQ\/3upDkMo945iyD LCWWU6jaLBxm4Kk\/1UJWc\/N4t3f4oOe4qu8nBM04DbM8CnJ6x7Ilv+Fpe9ECTgVsHTjBBWieaR8u 420LXFBI\/EZQlpsSQgBKRkG68COW0Nog5U26LmQ5DKPeOYsgywlllOq2iwcZuXFIM0NgNpOPVt0z 3d\/ig57ivpCeXNt1Ixp5ST5L3hR9Q3wL3Kb4qPSFw\/8ADX6JuJDksp945iyDLCWWU6raLBxm5VR0 qpum864Oh1U5eC43+KDnuGq6nvlHJcQbFoPOSf8AVsCoonArz2jecbOJSfCD6hvgXuU3xUekLh\/4 a\/RO7IchlHvHMWQZYSyynUbTYOM3KqSkV7axxwdDqpy8Fzv8UHPchxhxTTgsWhRSob6YAHeL8h1y Y\/cX+3H7i\/24kO8XyT1oFf33WPLccHsqRauShJ6Tg87Jgz2XQ+ob4F7lN8VHpC4f+Gv0TuSHJZT7 xzFkGWEssp1W02DjNyqkpFe2sccHQyJy8F1v8UHP4CQthHeneiJ1R5VPTq\/pYlrHn4hgz2XY+ob4 F7lN8VHpC4f+Gv0TEhyWU+8cxZBlhLLKdVtNg4zcqpKRXtrHHB0OqMvBd7\/FBz3chbCO9O9Ef5XO p6dQ91iWsefiGDPZ4AfUN8C9ym+Kj0hcLaJkFpKSRlEoSyynVbRYOM5blVJSK9tY44OhkHW4PAb\/ ABQc91IXybBCO9O9ETqjJVPTq\/pYlrHn4hgz2XDlZWOBthsTUo6ABhJioWqbdI1TL+Xp53h7Rvlq xqP3XA+ob4F7lN8VHpDwKqSkV7axxwdDIOtweB3+KDnuZC+TYIR3p3oidUZKp6dQ91iWsefiGDPZ cOVlY4G2GxNSjoAGEmNZU26NsnYMTs6ysajFR9Kr+43cD6hvgXuU3xUekPAKpKRXtrHHB0OqOtwe C3+KDnuJC+TYIR3p3oj\/AC7yqenUPdYlrHn4hgz2XDlZWOBthoTUo4cQAwk4I1lTao2j7BjF1lY1 HRuVH0qv7jdwPqG+Be5TfFR6Qu1ImU6wlrJMlDMY5rnb+6Oavt\/dHNX2\/ujmr7f3QditbSsBJCh5 LxjUeE0q5jg5qrnf4oOfdkL5NghHeneiJ1RkqnYV\/SxKWPPyYM9lw5WVjgaYaE1KOHEAMJMayptU bROwYnZ1lY1HRu1H0qv7jdwPqG+Be5TfFR6Q8K5TqtImg4lCwwQbRbcb\/FBz7p77q0Beqopo0KF4 FPOd3jeG\/kuXKurcDTDQmpR0ADCTgEaxm1RtH\/Hp8XWVjUdGC4WhVrtOtKc4UhfAk3DTRPLcqEyG RKVk7lOtViXEE9oeGdUnmqWopzE3G\/xQc+73cG+aWEKP8ShrK0m4cq6twNMNCalHDiAGEmNZU2qN onYMTs668ajosFyxXMe8YUFAYCLFJORQvQirpF6yTecbPPbXhSobinnlhtpA1lrUZJAGEkwBTzFF SzQxPpk85yWWV7JupbWZVTYkpJ6QHSHH4RVO2Z1LglIdBJtJ4rnf4oOfd\/S3FSqaOZQk2qaUZgj+ EmXk3XKurcDTDQmpR0ADCTiiaptUTROwYnZ1141HRYLvb0L62HcKkGU8hFh341FFhxXnqb5X8ikj RGrXVKnG5zDSZIb7KZDy3AUglKhYReIjVK0uSwrTM+USjmtdk+tHNa7J9aOa12T60c1rsn1o5rXZ PrRzWuyfWjmtdk+tHNa7J9aOa12T60aoWloYdRMj5TMwVKJJNpN83O\/xQc+6ippXFNPNmaFptEBH elKrXEgXWCCDlKFkS8sH5WmfecleC9VtM8p1lHRAVVKCGUH2VOjmJy5TlP2\/f4oOfxLv8UHP4l3+ KDn8S7\/FC0+aSNPiXaYNfV0TitpyJbN9wJ\/h1jq6PEv6jq\/+9qz6mzlPtXoTWJHs61sGfXbkhQ8m qfEv6PL2+w2kv+vPbS7V6HEtJ1qqm9swBaZc5H4k6ZeJG1OJ1qWkk8+cBlzEfiUPJPdPeVKmdFVK JWALzTpvkZlWjyYvETdPToLjzpCUIFpJhFKJKfXy6hwdJZxZE2Ddcp6hAdZdBStCrCDBfZm93cs8 h3C2T0HOI4fECKenbLrzhkhCRMkx8zUyc7ycElKF9LST0EZcZ\/0bhTbiQtCxqqQoTBBtBBhVT3Io NqN80rh5P\/bXgzHywWa1hbDgwLEp5jYd77alxTfylKf6zwkSOojnK4MsEUqNd9Qk5ULvrVk6oyDw Cv1HZfLdLb6up\/PehWx220\/+PWl\/5uR5IPynzOrg2upP+WMOiMOiMOiMOiMOiMOiMOiMOiMOiMOi MOiMOiMOiMOiMOiMOiMOiMOiMOiMOiMOiMOiMOiPaa8urLjgfqHz08Ors9nv6vKhP6PsNvg157be 23K8l1\/\/2Q==\"><\/image><\/svg>\t\t\t\t<\/span>\n\t\t\t<\/div>\n\t\t\t\n\t\t\t\t\t\t<div class=\"elementor-icon-box-content\">\n\n\t\t\t\t\t\t\t\t\t<h3 class=\"elementor-icon-box-title\">\n\t\t\t\t\t\t<span  >\n\t\t\t\t\t\t\tOrange &amp; MTN Money \t\t\t\t\t\t<\/span>\n\t\t\t\t\t<\/h3>\n\t\t\t\t\n\t\t\t\t\t\t\t\t\t<p class=\"elementor-icon-box-description\">\n\t\t\t\t\t\tNous acceptons aussi les dons de nos donateurs Africains \u00e0 travers nos comptes Orange &amp; MTN Money (+237 679 14 00 67 \/ +237 657 31 80 33 Tom Adissa): sachez que vous allez contribuer \u00e0 rendre le monde meilleur et juste. Nous vous exprimons notre gratitude, merci.\t\t\t\t\t<\/p>\n\t\t\t\t\n\t\t\t<\/div>\n\t\t\t\n\t\t<\/div>\n\t\t\t\t<\/div>\n\t\t\t\t<\/div>\n\t\t\t\t<\/div>\n\t\t\t\t\t<\/div>\n\t\t\t\t<\/div>\n\t\t<div class=\"elementor-element elementor-element-0390215 e-flex e-con-boxed e-con e-parent\" data-id=\"0390215\" data-element_type=\"container\">\n\t\t\t\t\t<div class=\"e-con-inner\">\n\t\t\t\t<div class=\"elementor-element elementor-element-d9b92c0 elementor-widget elementor-widget-spacer\" data-id=\"d9b92c0\" data-element_type=\"widget\" data-widget_type=\"spacer.default\">\n\t\t\t\t<div class=\"elementor-widget-container\">\n\t\t\t<style>\/*! elementor - v3.22.0 - 24-06-2024 *\/\n.elementor-column .elementor-spacer-inner{height:var(--spacer-size)}.e-con{--container-widget-width:100%}.e-con-inner>.elementor-widget-spacer,.e-con>.elementor-widget-spacer{width:var(--container-widget-width,var(--spacer-size));--align-self:var(--container-widget-align-self,initial);--flex-shrink:0}.e-con-inner>.elementor-widget-spacer>.elementor-widget-container,.e-con>.elementor-widget-spacer>.elementor-widget-container{height:100%;width:100%}.e-con-inner>.elementor-widget-spacer>.elementor-widget-container>.elementor-spacer,.e-con>.elementor-widget-spacer>.elementor-widget-container>.elementor-spacer{height:100%}.e-con-inner>.elementor-widget-spacer>.elementor-widget-container>.elementor-spacer>.elementor-spacer-inner,.e-con>.elementor-widget-spacer>.elementor-widget-container>.elementor-spacer>.elementor-spacer-inner{height:var(--container-widget-height,var(--spacer-size))}.e-con-inner>.elementor-widget-spacer.elementor-widget-empty,.e-con>.elementor-widget-spacer.elementor-widget-empty{position:relative;min-height:22px;min-width:22px}.e-con-inner>.elementor-widget-spacer.elementor-widget-empty .elementor-widget-empty-icon,.e-con>.elementor-widget-spacer.elementor-widget-empty .elementor-widget-empty-icon{position:absolute;top:0;bottom:0;left:0;right:0;margin:auto;padding:0;width:22px;height:22px}<\/style>\t\t<div class=\"elementor-spacer\">\n\t\t\t<div class=\"elementor-spacer-inner\"><\/div>\n\t\t<\/div>\n\t\t\t\t<\/div>\n\t\t\t\t<\/div>\n\t\t\t\t\t<\/div>\n\t\t\t\t<\/div>\n\t\t\t\t<\/div>","protected":false},"excerpt":{"rendered":"<p>YOUR DONATIONS WILL MAKE A BIG DIFFERENCE WellBeing For All Foundation is dedicated every day to welcoming, settling, and integrating newcomers to Canada. Our mission is to offer them essential support so that they can adapt and integrate into their new community in Canada. However, to pursue our mission and help a growing number of [&hellip;]<\/p>","protected":false},"author":1,"featured_media":0,"parent":0,"menu_order":7,"comment_status":"closed","ping_status":"closed","template":"elementor_header_footer","meta":{"inline_featured_image":false,"footnotes":""},"class_list":["post-15185","page","type-page","status-publish","hentry"],"_links":{"self":[{"href":"https:\/\/fondationbe.com\/fr\/wp-json\/wp\/v2\/pages\/15185","targetHints":{"allow":["GET"]}}],"collection":[{"href":"https:\/\/fondationbe.com\/fr\/wp-json\/wp\/v2\/pages"}],"about":[{"href":"https:\/\/fondationbe.com\/fr\/wp-json\/wp\/v2\/types\/page"}],"author":[{"embeddable":true,"href":"https:\/\/fondationbe.com\/fr\/wp-json\/wp\/v2\/users\/1"}],"replies":[{"embeddable":true,"href":"https:\/\/fondationbe.com\/fr\/wp-json\/wp\/v2\/comments?post=15185"}],"version-history":[{"count":65,"href":"https:\/\/fondationbe.com\/fr\/wp-json\/wp\/v2\/pages\/15185\/revisions"}],"predecessor-version":[{"id":17970,"href":"https:\/\/fondationbe.com\/fr\/wp-json\/wp\/v2\/pages\/15185\/revisions\/17970"}],"wp:attachment":[{"href":"https:\/\/fondationbe.com\/fr\/wp-json\/wp\/v2\/media?parent=15185"}],"curies":[{"name":"wp","href":"https:\/\/api.w.org\/{rel}","templated":true}]}}